{"id":16,"date":"2018-09-25T15:48:20","date_gmt":"2018-09-25T12:48:20","guid":{"rendered":"http:\/\/www.showlink.fi\/shows\/vaasa2019_testi\/?page_id=16"},"modified":"2025-09-30T12:05:08","modified_gmt":"2025-09-30T09:05:08","slug":"tuomarit","status":"publish","type":"page","link":"https:\/\/www.showlink.fi\/shows\/vaasakv2026\/tuomarit\/","title":{"rendered":"Tuomarit"},"content":{"rendered":"\n<p><strong>Lauantai 18.4. arvostellaan FCI:n ryhm\u00e4t 1, 4, 5, 7, 9<\/strong><br><strong>Sunnuntai 19.4. arvostellaan FCI:n ryhm\u00e4t 2, 3, 6, 8, 10<\/strong><\/p>\n\n\n\n<hr class=\"wp-block-separator has-alpha-channel-opacity\"\/>\n\n\n\n<h2 class=\"wp-block-heading\">Lauantai<\/h2>\n\n\n\n<p><strong>Ryhm\u00e4 1<\/strong><br><em>Varalla kaikille ryhm\u00e4 1 roduille\u00a0<strong>Alberto Vergara<\/strong>, Italia<\/em><br>schapendoes, schipperke, serra de airesinpaimenkoira, shetlanninlammaskoira\u00a0<strong>Anne Liv\u00f6 Buvik<\/strong>, Norja<br>saksanpaimenkoirat, tsekinpaimenkoira\u00a0<strong>Anne-Chaterine Edoff<\/strong>, Ruotsi<br>ardennienkarjakoira, australian t\u00f6p\u00f6h\u00e4nt\u00e4inen karjakoira, australiankarjakoira, australiankelpie, mudi, partacollie, pitk\u00e4karvainen collie, pulit, pumi, sile\u00e4karvainen collie, vanhaenglanninlammaskoira\u00a0<strong>Carsten Birk<\/strong>, Tanska<br>welsh corgi cardigan, welsh corgi pembroke\u00a0<strong>Elin Normannseth<\/strong>, Norja<br>beaucenpaimenkoira, bouvier, brienpaimenkoira, hollanninpaimenkoirat, komondor, kuvasz, lancashirenkarjakoira, maremmano-abruzzese, picardienpaimenkoira, slovakiancuvac\u00a0<strong>Kalvo Kriisk<\/strong>, Viro<br>australianpaimenkoira, belgianpaimenkoirat, bordercollie\u00a0<strong>Maarit Hassinen<br><\/strong>muut\u00a0<strong>Jouni Nummela<\/strong><br><br><strong>Ryhm\u00e4 4<\/strong><br><em>Varalla kaikille ryhm\u00e4 4 roduille\u00a0<strong>Alberto Vergara<\/strong>, Italia<\/em><br>normaalikokoiset m\u00e4yr\u00e4koirat\u00a0<strong>Marie Gadolin<\/strong>, Ruotsi<br>k\u00e4\u00e4pi\u00f6m\u00e4yr\u00e4koirat, kaniinim\u00e4yr\u00e4koirat <strong>Mervi Raisaari<\/strong><br><br><strong>Ryhm\u00e4 5<\/strong><br><em>Varalla kaikille ryhm\u00e4 5 roduille\u00a0<strong>Viva Maria Soleckyj Boguta<\/strong>, Puola<\/em><br>karjalankarhukoira, lapinporokoira, l\u00e4nsisiperianlaika, pohjanpystykorva, valkoinen ruotsinhirvikoira\u00a0<strong>Anne-Chaterine Edoff<\/strong>, Ruotsi<br>akita, alaskanmalamuutti, amerikanakita, chow chow, etnankoira, eurasier, faaraokoira, siperianhusky\u00a0<strong>Erika H\u00e4kkinen<\/strong><br>american eskimo dog, h\u00e4lleforsinkoira, islanninlammaskoira, l\u00e4nsig\u00f6\u00f6tanmaanpystykorva, musta tanskanpystykorva, grosspitzit, keeshond, pomeranian, tanskanpystykorva\u00a0<strong>Helen Tonkson<\/strong>, Viro<br>kleinspitzit\u00a0<strong>Kalvo Kriisk<\/strong>, Viro<br>basenji\u00a0<strong>Marie Gadolin<\/strong>, Ruotsi<br>it\u00e4siperianlaika, samojedinkoira, suomenlapinkoira, suomenpystykorva\u00a0<strong>Silja Jokinen<\/strong><br>japaninpystykorva, mittelspitzit\u00a0<strong>Viva Maria Soleckyj Boguta<\/strong>, Puola<br>muut\u00a0<strong>Tarja Kolkka<\/strong><br><br><strong>Ryhm\u00e4 7<\/strong><br><em>Varalla kaikille ryhm\u00e4 7 roduille\u00a0<strong>Alberto Vergara<\/strong>, Italia<\/em><br>bretoni, englanninsetteri, gordoninsetteri, italianseisoja, pienim\u00fcnsterinseisoja, pointteri\u00a0<strong>Elin Normannseth<\/strong>, Norja<br>unkarinvizslat, punainen irlanninsetteri, punavalkoinen irlanninsetteri\u00a0<strong>Mervi Raisaari<br><\/strong>muut \u00a0<strong>Anne-Chaterine Edoff<\/strong>, Ruotsi<br><br><strong>Ryhm\u00e4 9<\/strong><br><em>Varalla kaikille ryhm\u00e4 9 roduille\u00a0<strong>Alberto Vergara<\/strong>, Italia<\/em><br>kiinanharjakoira, kiinanpalatsikoira, mopsi, ranskanbulldoggi, tiibetinterrieri\u00a0<strong>Jaroslaw Grunt<\/strong>, Puola<br>bolognese, bostoninterrieri, griffon belge, griffon bruxellois, havannankoira, japanese chin, kingcharlesinspanieli, l\u00f6wchen, papillon, petit brabancon, phal\u00e8ne\u00a0<strong>Julia Hierner<\/strong>, Ruotsi<br>cavalier kingcharlesinspanieli, lhasa apso, shih tzu, tiibetinspanieli\u00a0<strong>Karin Linde-Klerholm<\/strong>, Ruotsi<br>kromfohrl\u00e4nder\u00a0<strong>Mervi Raisaari<\/strong><br>bichon fris\u00e9, chihuahuat, coton de tul\u00e9ar, maltankoira, markiesje, prahanrottakoira, ven\u00e4j\u00e4nbolonka, ven\u00e4j\u00e4ntoyt\u00a0<strong>Vincenzo Pontone<\/strong>, Italia<br>villakoirat\u00a0<strong>Zoran Roknic<\/strong>, Serbia<\/p>\n\n\n\n<p><br>Junior Handler&nbsp;<strong>Jouni Nummela<\/strong><\/p>\n\n\n\n<p><br>RYHM\u00c4KILPAILUT LAUANTAI<br>1<strong>&nbsp;Anne Liv\u00f6 Buvik<\/strong>, Norja<br>4<strong>&nbsp;Mervi Raisaari<\/strong><br>5<strong>&nbsp;Viva Maria Soleckyj Boguta<\/strong>, Puola<br>7<strong>&nbsp;Anne-Chaterine Edoff<\/strong>, Ruotsi<br>9<strong>&nbsp;Vincenzo Pontone<\/strong>, Italia<br>Paras juniori&nbsp;<strong>Alberto Vergara<\/strong>, Italia<br>Paras veteraani&nbsp;<strong>Helen Tonkson<\/strong>, Viro<br>Paras kasvattajaryhm\u00e4&nbsp;<strong>Carsten Birk<\/strong>, Tanska<br><br><br><strong>Ryhm\u00e4 2<\/strong><br><em>Varalla kaikille ryhm\u00e4 2 roduille&nbsp;<strong>Alberto Vergara<\/strong>, Italia<\/em><br>berninpaimenkoira, landseer, leonberginkoira, newfoundlandinkoira&nbsp;<strong>Elin Normannseth<\/strong>, Norja<br>tanskalais-ruotsalainen pihakoira, tanskandoggit <strong>Erika H\u00e4kkinen<\/strong><br>k\u00e4\u00e4pi\u00f6snautserit&nbsp;<strong>Julia Hierner<\/strong>, Ruotsi<br>bokseri&nbsp;<strong>Karin Linde-Klerholm<\/strong>, Ruotsi<br>hovawart&nbsp;<strong>Maarit Hassinen<\/strong><br>apinapinseri, appenzellinpaimenkoira, bernhardinkoirat, bordeauxindoggi, continental bulldog, dogo argentino, espanjanmastiffi, estrelanvuoristokoirat, fila brasileiro, kangalinkoira, mallorcandoggi, mastiffi, pinseri, pyreneittenkoira, pyreneittenmastiffi, sao miguelinfila, sarplaninac, shar pei, tiibetinmastiffi, tornjak, tosa&nbsp;<strong>Mervi Raisaari<\/strong><br>bullmastiffi, cane corso, englanninbulldoggi, napolinmastiffi, snautserit, suursnautserit&nbsp;<strong>Vincenzo Pontone<\/strong>, Italia<br>muut&nbsp;<strong>Jouni Nummela<\/strong><br><br><strong>Ryhm\u00e4 3<\/strong><br><em>Varalla kaikille ryhm\u00e4 3 roduille&nbsp;<strong>Alberto Vergara<\/strong>, Italia<\/em><br>dandiedinmontinterrieri&nbsp;<strong>Anne Liv\u00f6 Buvik<\/strong>, Norja<br>australianterrieri, cairnterrieri, norfolkinterrieri, norwichinterrieri, silkkiterrieri, skotlanninterrieri, skyenterrieri&nbsp;<strong>Jaroslaw Grunt<\/strong>, Puola<br>amerikanstaffordshirenterrieri, bedlingtoninterrieri, glen of imaalinterrieri, irlanninterrieri, kettuterrierit, vehn\u00e4terrieri&nbsp;<strong>Kalvo Kriisk<\/strong>, Viro<br>andalusianrottakoira, ceskyterrieri, jackrussellinterrieri, japaninterrieri, lakelandinterrieri, saksanmets\u00e4stysterrieri, sealyhaminterrieri, valencianrottaterrieri&nbsp;<strong>Silja Jokinen<\/strong><br>borderterrieri, kerrynterrieri, manchesterinterrieri, valkoinen l\u00e4nsiyl\u00e4maanterrieri, yorkshirenterrieri&nbsp;<strong>Viva Maria Soleckyj Boguta<\/strong>, Puola<br>muut <strong>Helen Tonkson<\/strong>, Viro<br><br><strong>Ryhm\u00e4 6<\/strong><br><em>Varalla kaikille ryhm\u00e4 6 roduille&nbsp;<strong>Alberto Vergara<\/strong>, Italia<\/em><br>dalmatiankoira&nbsp;<strong>Anne Liv\u00f6 Buvik<\/strong>, Norja<br>rhodesiankoira&nbsp;<strong>Carsten Birk<\/strong>, Tanska<br>beagle, dreeveri&nbsp;<strong>Silja Jokinen<\/strong><br>muut&nbsp;<strong>Tarja Kolkka<\/strong><br><br><strong>Ryhm\u00e4 8<\/strong><br><em>Varalla kaikille ryhm\u00e4 8 roduille&nbsp;<strong>Viva Maria Soleckyj Boguta<\/strong>, Puola<\/em><br>englanninspringerspanieli&nbsp;<strong>Anne Liv\u00f6 Buvik<\/strong>, Norja<br>cockerspanieli, espanjanvesikoira, kiharakarvainen noutaja, lagotto romagnolo&nbsp;<strong>Anne-Chaterine Edoff<\/strong>, Ruotsi<br>barbet&nbsp;<strong>Carsten Birk<\/strong>, Tanska<br>amerikancockerspanieli, fieldspanieli, novascotiannoutaja, walesinspringerspanieli&nbsp;<strong>Karin Linde-Klerholm<\/strong>, Ruotsi<br>kultainennoutaja&nbsp;<strong>Maarit Hassinen<\/strong><br>viiri\u00e4iskoira&nbsp;<strong>Mervi Raisaari<\/strong><br>clumberinspanieli, friisinvesikoira, irlanninvesispanieli, sile\u00e4karvainen noutaja, sussexinspanieli&nbsp;<strong>Tarja Kolkka<\/strong><br>muut <strong>Zoran Roknic<\/strong>, Serbia<br><br><strong>Ryhm\u00e4 10<\/strong><br><em>Varalla kaikille ryhm\u00e4 10 roduille&nbsp;<strong>Alberto Vergara<\/strong>, Italia<\/em><br>whippet&nbsp;<strong>Carsten Birk<\/strong>, Tanska<br>afgaaninvinttikoira, tazi, ven\u00e4j\u00e4nvinttikoira&nbsp;<strong>Erika H\u00e4kkinen<\/strong><br>azawakh, irlanninsusikoira, italianvinttikoira, puolanvinttikoira, saluki, sloughi, unkarinvinttikoira&nbsp;<strong>Marie Gadolin<\/strong>, Ruotsi<br>englanninvinttikoira, espanjanvinttikoira, skotlanninhirvikoira&nbsp;<strong>Mervi Raisaari<\/strong><br><br>RYHM\u00c4KILPAILUT SUNNUNTAI<br>2<strong>&nbsp;Elin Normannseth<\/strong>, Norja<br>3<strong>&nbsp;Jaroslaw Grunt<\/strong>, Puola<br>6<strong>&nbsp;Tarja Kolkka<\/strong><br>8<strong>&nbsp;Anne-Chaterine Edoff<\/strong>, Ruotsi<br>10<strong>&nbsp;Marie Gadolin<\/strong>, Ruotsi<br>Paras juniori&nbsp;<strong>Zoran Roknic<\/strong>, Serbia<br>Paras veteraani&nbsp;<strong>Carsten Birk<\/strong>, Tanska<br>Paras kasvattajaryhm\u00e4&nbsp;<strong>Anne Liv\u00f6 Buvik<\/strong>, Norja<br><br><br>Best in Show<strong>&nbsp;Alberto Vergara<\/strong>, Italia<\/p>\n","protected":false},"excerpt":{"rendered":"<p>Lauantai 18.4. arvostellaan FCI:n ryhm\u00e4t 1, 4, 5, 7, 9Sunnuntai 19.4. arvostellaan FCI:n ryhm\u00e4t 2, 3, 6, 8, 10 Lauantai Ryhm\u00e4 1Varalla kaikille ryhm\u00e4 1 roduille\u00a0Alberto Vergara, Italiaschapendoes, schipperke, serra de airesinpaimenkoira, shetlanninlammaskoira\u00a0Anne Liv\u00f6 Buvik, Norjasaksanpaimenkoirat, tsekinpaimenkoira\u00a0Anne-Chaterine Edoff, Ruotsiardennienkarjakoira, australian t\u00f6p\u00f6h\u00e4nt\u00e4inen karjakoira, australiankarjakoira, australiankelpie, mudi, partacollie, pitk\u00e4karvainen collie, pulit, pumi, sile\u00e4karvainen collie, vanhaenglanninlammaskoira\u00a0Carsten Birk, Tanskawelsh <a href=\"https:\/\/www.showlink.fi\/shows\/vaasakv2026\/tuomarit\/\" class=\"more-link\">...jatka lukemista<span class=\"screen-reader-text\"> \"Tuomarit\"<\/span><\/a><\/p>\n","protected":false},"author":1,"featured_media":0,"parent":0,"menu_order":4,"comment_status":"closed","ping_status":"closed","template":"","meta":{"footnotes":""},"class_list":["post-16","page","type-page","status-publish","h-entry","hentry","h-as-page"],"_links":{"self":[{"href":"https:\/\/www.showlink.fi\/shows\/vaasakv2026\/wp-json\/wp\/v2\/pages\/16","targetHints":{"allow":["GET"]}}],"collection":[{"href":"https:\/\/www.showlink.fi\/shows\/vaasakv2026\/wp-json\/wp\/v2\/pages"}],"about":[{"href":"https:\/\/www.showlink.fi\/shows\/vaasakv2026\/wp-json\/wp\/v2\/types\/page"}],"author":[{"embeddable":true,"href":"https:\/\/www.showlink.fi\/shows\/vaasakv2026\/wp-json\/wp\/v2\/users\/1"}],"replies":[{"embeddable":true,"href":"https:\/\/www.showlink.fi\/shows\/vaasakv2026\/wp-json\/wp\/v2\/comments?post=16"}],"version-history":[{"count":33,"href":"https:\/\/www.showlink.fi\/shows\/vaasakv2026\/wp-json\/wp\/v2\/pages\/16\/revisions"}],"predecessor-version":[{"id":1329,"href":"https:\/\/www.showlink.fi\/shows\/vaasakv2026\/wp-json\/wp\/v2\/pages\/16\/revisions\/1329"}],"wp:attachment":[{"href":"https:\/\/www.showlink.fi\/shows\/vaasakv2026\/wp-json\/wp\/v2\/media?parent=16"}],"curies":[{"name":"wp","href":"https:\/\/api.w.org\/{rel}","templated":true}]}}