{"id":18,"date":"2018-09-25T15:48:29","date_gmt":"2018-09-25T12:48:29","guid":{"rendered":"http:\/\/www.showlink.fi\/shows\/vaasa2019_testi\/?page_id=18"},"modified":"2025-09-23T11:30:32","modified_gmt":"2025-09-23T08:30:32","slug":"ilmoittautuminen","status":"publish","type":"page","link":"https:\/\/www.showlink.fi\/shows\/vaasakv2026\/ilmoittautuminen\/","title":{"rendered":"Ilmoittautuminen"},"content":{"rendered":"\n<p><br>Ilmoittautumiset n\u00e4yttelyyn viimeist\u00e4\u00e4n <strong>18.2. \/ 18.3. \/ 25.3.<\/strong><\/p>\n\n\n\n<p class=\"has-pale-cyan-blue-background-color has-background\"><strong>Ilmoittautuminen n\u00e4yttelyyn tulee tehd\u00e4 internetiss\u00e4.<\/strong><br>Netti-ilmoittautuminen maksetaan verkkopankilla tai luottokortilla ilmoittautumisen yhteydess\u00e4. T\u00e4h\u00e4n n\u00e4yttelyyn ei ole mahdollista tehd\u00e4 ilmoittautumista postitse.<\/p>\n\n\n\n<p>Ilmoittaessaan koiransa n\u00e4yttelyyn n\u00e4ytteilleasettaja sitoutuu noudattamaan Suomen Kennelliiton voimassa olevia n\u00e4yttelys\u00e4\u00e4nt\u00f6j\u00e4 ja niit\u00e4 t\u00e4ydent\u00e4vi\u00e4 ohjeita sek\u00e4 rokotusm\u00e4\u00e4r\u00e4yksi\u00e4. S\u00e4\u00e4nn\u00f6t l\u00f6ytyv\u00e4t&nbsp;<a href=\"https:\/\/www.kennelliitto.fi\/koiraharrastukset\/koiranayttelyt\/ohjeita-ja-lomakkeita-nayttelyyn-osallistujille-ja-nayttelyn-jarjestajille\"><strong>Kennelliiton kotisivuilta.<\/strong><\/a><\/p>\n\n\n\n<p><strong>Online-ilmoittautuminen<\/strong>&nbsp;osoitteessa&nbsp;<a href=\"http:\/\/www.showlink.fi\/\">www.showlink.fi<\/a> \u2192<strong>&nbsp;<\/strong><a href=\"http:\/\/ilmoittautuminen.kennelliitto.fi\/\"><strong>ILMOITTAUDU N\u00c4YTTELYYN<\/strong><\/a><\/p>\n\n\n\n<p><strong>HUOM!&nbsp;<\/strong> Ilmoittautumisj\u00e4rjestelm\u00e4 l\u00e4hett\u00e4\u00e4 AINA vahvistuksen ilmoitettuun s\u00e4hk\u00f6postiosoitteeseen noin tunnin sis\u00e4ll\u00e4 ilmoittautumisen kirjauduttua. OTA YHTEYTT\u00c4 HETI, jos et saa vahvistusta.<strong> Vain annettuun s\u00e4hk\u00f6postiosoitteeseen vahvistusviestin saaneet netti-ilmoittautumiset voidaan hyv\u00e4ksy\u00e4 n\u00e4yttelyyn.<\/strong><\/p>\n\n\n\n<p>Mik\u00e4li n\u00e4yttely joudutaan perumaan, ilmoittautumismaksu palautetaan pankki- ja k\u00e4sittelykulut v\u00e4hennettyin\u00e4.<\/p>\n\n\n\n<p class=\"has-pale-cyan-blue-background-color has-background\"><strong>Numerolappu ja aikataulukirje toimitetaan n\u00e4ytteilleasettajille ainoastaan s\u00e4hk\u00f6isesti.<\/strong><\/p>\n\n\n\n<p><strong>ILMOITTAUTUMISMAKSUT 18.2.2026 <strong>menness\u00e4:<\/strong><\/strong><\/p>\n\n\n\n<p>1. koira <strong>44&nbsp;\u20ac<br><\/strong> saman omistajan 2. koira jne. <strong>39 \u20ac<\/strong><br> pennut ja veteraanit<strong> 37 \u20ac <\/strong><br> junior handler<strong> 15 \u20ac<\/strong> (kilpailu vain lauantaina)<\/p>\n\n\n\n<p><strong>ILMOITTAUTUMISMAKSUT 19.2.-18.3.2026 <strong>v\u00e4lisen\u00e4 aikana:<\/strong><\/strong><\/p>\n\n\n\n<p>1. koira<strong> 51 \u20ac<br><\/strong> saman omistajan 2. koira jne.<strong> 46 \u20ac<\/strong><br> pennut ja veteraanit<strong> 41 \u20ac <\/strong><br> junior handler <strong>15 \u20ac<\/strong> (kilpailu vain lauantaina)<\/p>\n\n\n\n<p><strong>ILMOITTAUTUMISMAKSUT\u00a019.-25.3.2026 v\u00e4lisen\u00e4 aikana: <\/strong><\/p>\n\n\n\n<p><strong>70 \u20ac<\/strong> \/ koira, kaikki luokat <br> junior handler <strong>15 \u20ac<\/strong> (kilpailu vain lauantaina)<\/p>\n\n\n\n<p><strong>Huom!&nbsp;<\/strong>Alennuksen (saman omistajan toinen jne. koira) saaminen edellytt\u00e4\u00e4 sit\u00e4 ett\u00e4 ilmoittautumiset<strong>&nbsp;<\/strong>tehd\u00e4\u00e4n samalla netti-ilmoittautumiskerralla. Samaksi omistajaksi tulkitaan ilmoittautumistapahtuman ensimm\u00e4iselle koiralle ensimm\u00e4iseksi omistajaksi merkitty henkil\u00f6. <strong>Alennus lasketaan vain t\u00e4ysihintaisista ilmoittautumismaksuista (ei pentujen tai veteraanien maksuista).<\/strong><\/p>\n\n\n\n<p>Ilmoittautumisajan p\u00e4\u00e4ttymisen j\u00e4lkeen koiraa ei voida siirt\u00e4\u00e4 toiseen luokkaan. (Ellei kysymyksess\u00e4 ole j\u00e4rjest\u00e4j\u00e4st\u00e4 johtuva virhe.)<br>Uros, jolla ei ole normaalit kivekset saa hyl\u00e4tyn.<\/p>\n\n\n\n<p><strong>Muuta tietoa<\/strong><\/p>\n\n\n\n<p>Ulkomaisessa rekisteriss\u00e4 olevilta koirilta tarvitaan valioluokkaan osallistumista varten valiotodistus ja k\u00e4ytt\u00f6luokkaan osallistumista varten k\u00e4ytt\u00f6koetodistus (WCC, Working Class Certificate). Jos valiotodistus tai WCC puuttuu, koira siirret\u00e4\u00e4n avoimeen luokkaan.<\/p>\n\n\n\n<p><strong>Rokotusm\u00e4\u00e4r\u00e4ykset&nbsp;<\/strong>Suomen Kennelliitto-Finska Kennelklubben ry:n m\u00e4\u00e4r\u00e4ysten mukaan.<br>Suomen lain vastaisesti typistetyt koirat eiv\u00e4t saa osallistua n\u00e4yttelyyn.<br>N\u00e4yttelyyn osallistuvan koiran tulee olla tunnistusmerkitty.<br>Tunnistusmerkint\u00e4 on pakollinen Kennelliiton virallisissa n\u00e4yttelyiss\u00e4, kokeissa ja kilpailuissa.<\/p>\n\n\n\n<p class=\"style2\"><strong>Antidoping \u2013valvonta<\/strong><br>Suomen Kennelliiton valtuuston hyv\u00e4ksym\u00e4t antidoping \u2013s\u00e4\u00e4nn\u00f6t ovat astuneet voimaan 1.1.2007. Dopingvalvonta koskee kaikkia Suomen Kennelliiton my\u00f6nt\u00e4mi\u00e4 n\u00e4yttelyit\u00e4, kilpailuja ja kokeita.<\/p>\n","protected":false},"excerpt":{"rendered":"<p>Ilmoittautumiset n\u00e4yttelyyn viimeist\u00e4\u00e4n 18.2. \/ 18.3. \/ 25.3. Ilmoittautuminen n\u00e4yttelyyn tulee tehd\u00e4 internetiss\u00e4.Netti-ilmoittautuminen maksetaan verkkopankilla tai luottokortilla ilmoittautumisen yhteydess\u00e4. T\u00e4h\u00e4n n\u00e4yttelyyn ei ole mahdollista tehd\u00e4 ilmoittautumista postitse. Ilmoittaessaan koiransa n\u00e4yttelyyn n\u00e4ytteilleasettaja sitoutuu noudattamaan Suomen Kennelliiton voimassa olevia n\u00e4yttelys\u00e4\u00e4nt\u00f6j\u00e4 ja niit\u00e4 t\u00e4ydent\u00e4vi\u00e4 ohjeita sek\u00e4 rokotusm\u00e4\u00e4r\u00e4yksi\u00e4. S\u00e4\u00e4nn\u00f6t l\u00f6ytyv\u00e4t&nbsp;Kennelliiton kotisivuilta. Online-ilmoittautuminen&nbsp;osoitteessa&nbsp;www.showlink.fi \u2192&nbsp;ILMOITTAUDU N\u00c4YTTELYYN HUOM!&nbsp; Ilmoittautumisj\u00e4rjestelm\u00e4 l\u00e4hett\u00e4\u00e4 AINA vahvistuksen <a href=\"https:\/\/www.showlink.fi\/shows\/vaasakv2026\/ilmoittautuminen\/\" class=\"more-link\">...jatka lukemista<span class=\"screen-reader-text\"> \"Ilmoittautuminen\"<\/span><\/a><\/p>\n","protected":false},"author":1,"featured_media":0,"parent":0,"menu_order":2,"comment_status":"closed","ping_status":"closed","template":"","meta":{"footnotes":""},"class_list":["post-18","page","type-page","status-publish","h-entry","hentry","h-as-page"],"_links":{"self":[{"href":"https:\/\/www.showlink.fi\/shows\/vaasakv2026\/wp-json\/wp\/v2\/pages\/18","targetHints":{"allow":["GET"]}}],"collection":[{"href":"https:\/\/www.showlink.fi\/shows\/vaasakv2026\/wp-json\/wp\/v2\/pages"}],"about":[{"href":"https:\/\/www.showlink.fi\/shows\/vaasakv2026\/wp-json\/wp\/v2\/types\/page"}],"author":[{"embeddable":true,"href":"https:\/\/www.showlink.fi\/shows\/vaasakv2026\/wp-json\/wp\/v2\/users\/1"}],"replies":[{"embeddable":true,"href":"https:\/\/www.showlink.fi\/shows\/vaasakv2026\/wp-json\/wp\/v2\/comments?post=18"}],"version-history":[{"count":45,"href":"https:\/\/www.showlink.fi\/shows\/vaasakv2026\/wp-json\/wp\/v2\/pages\/18\/revisions"}],"predecessor-version":[{"id":1314,"href":"https:\/\/www.showlink.fi\/shows\/vaasakv2026\/wp-json\/wp\/v2\/pages\/18\/revisions\/1314"}],"wp:attachment":[{"href":"https:\/\/www.showlink.fi\/shows\/vaasakv2026\/wp-json\/wp\/v2\/media?parent=18"}],"curies":[{"name":"wp","href":"https:\/\/api.w.org\/{rel}","templated":true}]}}