{"id":22,"date":"2018-09-25T15:48:56","date_gmt":"2018-09-25T12:48:56","guid":{"rendered":"http:\/\/www.showlink.fi\/shows\/vaasa2019_testi\/?page_id=22"},"modified":"2025-09-23T09:23:54","modified_gmt":"2025-09-23T06:23:54","slug":"majoitusta","status":"publish","type":"page","link":"https:\/\/www.showlink.fi\/shows\/vaasakv2026\/majoitusta\/","title":{"rendered":"Majoitusta"},"content":{"rendered":"\n<p><strong>Asuntoautot ja -vaunut<\/strong><\/p>\n\n\n\n<p>S\u00e4hk\u00f6paikka asuntoautoille tai -vaunuille on saatavana hintaan 20 \u20ac \/ vrk. Paikkoja on rajoitetusti.<\/p>\n\n\n\n<p>Paikan varaaminen tehd\u00e4\u00e4n ETUK\u00c4TEEN l\u00e4hett\u00e4m\u00e4ll\u00e4 yhteystiedot sek\u00e4 kyseisen auton\/vaunun rekisterinumero osoitteeseen&nbsp;<a href=\"mailto:vaasadogshow@gmail.com\">vaasadogshow@gmail.com<\/a><br>Paluuviestin\u00e4 tulee vahvistus paikan saatavuudesta sek\u00e4 maksutiedot.&nbsp;<\/p>\n","protected":false},"excerpt":{"rendered":"<p>Asuntoautot ja -vaunut S\u00e4hk\u00f6paikka asuntoautoille tai -vaunuille on saatavana hintaan 20 \u20ac \/ vrk. Paikkoja on rajoitetusti. Paikan varaaminen tehd\u00e4\u00e4n ETUK\u00c4TEEN l\u00e4hett\u00e4m\u00e4ll\u00e4 yhteystiedot sek\u00e4 kyseisen auton\/vaunun rekisterinumero osoitteeseen&nbsp;vaasadogshow@gmail.comPaluuviestin\u00e4 tulee vahvistus paikan saatavuudesta sek\u00e4 maksutiedot.&nbsp;<\/p>\n","protected":false},"author":1,"featured_media":0,"parent":0,"menu_order":5,"comment_status":"closed","ping_status":"closed","template":"","meta":{"footnotes":""},"class_list":["post-22","page","type-page","status-publish","h-entry","hentry","h-as-page"],"_links":{"self":[{"href":"https:\/\/www.showlink.fi\/shows\/vaasakv2026\/wp-json\/wp\/v2\/pages\/22","targetHints":{"allow":["GET"]}}],"collection":[{"href":"https:\/\/www.showlink.fi\/shows\/vaasakv2026\/wp-json\/wp\/v2\/pages"}],"about":[{"href":"https:\/\/www.showlink.fi\/shows\/vaasakv2026\/wp-json\/wp\/v2\/types\/page"}],"author":[{"embeddable":true,"href":"https:\/\/www.showlink.fi\/shows\/vaasakv2026\/wp-json\/wp\/v2\/users\/1"}],"replies":[{"embeddable":true,"href":"https:\/\/www.showlink.fi\/shows\/vaasakv2026\/wp-json\/wp\/v2\/comments?post=22"}],"version-history":[{"count":35,"href":"https:\/\/www.showlink.fi\/shows\/vaasakv2026\/wp-json\/wp\/v2\/pages\/22\/revisions"}],"predecessor-version":[{"id":1272,"href":"https:\/\/www.showlink.fi\/shows\/vaasakv2026\/wp-json\/wp\/v2\/pages\/22\/revisions\/1272"}],"wp:attachment":[{"href":"https:\/\/www.showlink.fi\/shows\/vaasakv2026\/wp-json\/wp\/v2\/media?parent=22"}],"curies":[{"name":"wp","href":"https:\/\/api.w.org\/{rel}","templated":true}]}}