{"id":291,"date":"2019-11-22T11:37:45","date_gmt":"2019-11-22T09:37:45","guid":{"rendered":"https:\/\/www.showlink.fi\/shows\/vaasa2020_uusi\/?page_id=291"},"modified":"2025-09-30T12:05:26","modified_gmt":"2025-09-30T09:05:26","slug":"judges-2","status":"publish","type":"page","link":"https:\/\/www.showlink.fi\/shows\/vaasakv2026\/in-english\/judges-2\/","title":{"rendered":"Judges"},"content":{"rendered":"\n<p><strong>Saturday 18.4. FCI groups 1, 4, 5, 7, 9<\/strong><br><strong>Sunday 19.4. FCI groups 2, 3, 6, 8, 10<\/strong><\/p>\n\n\n\n<hr class=\"wp-block-separator has-alpha-channel-opacity\"\/>\n\n\n\n<h2 class=\"wp-block-heading\">Saturday<\/h2>\n\n\n\n<p><strong>Group 1<\/strong><br><em>Reserve judge for all group 1 breeds<strong> Alberto Vergara<\/strong>, Italy<\/em><br>Dutch Schapendoes, Portuguese Sheepdog, Schipperke, Shetland Sheepdog\u00a0<strong>Anne Liv\u00f6 Buvik<\/strong>, Norway<br>Bohemian Shepherd Dog, German Shepherd Dogs\u00a0<strong>Anne-Chaterine Edoff<\/strong>, Sweden<br>Australian Cattle Dog, Australian Kelpie, Australian Stumpy Tail Cattle Dog, Bearded Collie, Bouvier des Ardennes, Collie Rough, Collie Smooth, Mudi, Old English Sheepdog, Pulis, Pumi\u00a0<strong>Carsten Birk<\/strong>, Denmark<br>Welsh Corgi Cardigan, Welsh Corgi Pembroke\u00a0<strong>Elin Normannseth<\/strong>, Norway<br>Bergamasco Shepherd Dog, Catalan Sheepdog, Croatian Shepherd Dog, Czechoslovakian Wolfdog, East European Shepherd, Majorca Shepherd Dog, Miniature American Shepherd, Polish Lowland Sheepdog, Pyrenean Sheepdog, Long-haired, Pyrenean Sheepdog, Smooth-faced, Romanian Carpathian Shepherd Dog, Romanian Mioritic Shepherd Dog, Saarloos Wolfhond, Small Medimurje Dog - Medi, South Russian Shepherd Dog, Tatra Shepherd Dog, White Swiss Shepherd Dog\u00a0<strong>Jouni Nummela<\/strong><br>Berger de Beauce, Bouvier des Flandres, Briard, Dutch Shepherd Dogs, Komondor, Kuvasz, Lancashire Heeler, Maremma and the Abruzzes Sheepdog, Picardy Sheepdog, Slovakian Chuvach\u00a0<strong>Kalvo Kriisk<\/strong>, Estonia<br>Australian Shepherd, Belgian Shepherd Dogs, Border Collie\u00a0<strong>Maarit Hassinen<\/strong><br><br><strong>Group 4<\/strong><br><em>Reserve judge for all group 4 breeds<strong> Alberto Vergara<\/strong>, Italy<\/em><br>Standard Dachshunds <strong>Marie Gadolin<\/strong>, Sweden<br>Miniature Dachshunds, Rabbit Dachshunds <strong>Mervi Raisaari<\/strong><br><br><strong>Group 5<\/strong><br><em>Reserve judge for all group 5 breeds<strong> Viva Maria Soleckyj Boguta<\/strong>, Poland<\/em><br>Karelian Bear Dog, Lapponian Herder, Norrbottenspitz, Swedish White Elkhound, West Siberian Laika\u00a0<strong>Anne-Chaterine Edoff<\/strong>, Sweden<br>Akita, Alaskan Malamute, American Akita, Chow Chow, Cirneco dell'Etna, Eurasian, Pharaoh Hound, Siberian Husky\u00a0<strong>Erika H\u00e4kkinen<\/strong><br>American Eskimo Dog, Black Spitz, Danish Spitz, Grosspitzes, H\u00e4lleforshund, Icelandic Sheepdog, Keeshond, Pomeranian, Swedish Vallhund\u00a0<strong>Helen Tonkson<\/strong>, Estonia<br>Kleinspitzes\u00a0<strong>Kalvo Kriisk<\/strong>, Estonia<br>Basenji\u00a0<strong>Marie Gadolin<\/strong>, Sweden<br>East Siberian Laika, Finnish Lapponian Dog, Finnish Spitz, Samoyed\u00a0<strong>Silja Jokinen<\/strong><br>Japanese Spitz, Mittelspitzes\u00a0<strong>Viva Maria Soleckyj Boguta<\/strong>, Poland<br>other breeds <strong>Tarja Kolkka<\/strong><br><br><strong>Group 7<\/strong><br><em>Reserve judge for all group 7 breeds<strong> Alberto Vergara<\/strong>, Italy<\/em><br>Brittany Spaniel, English Pointer, English Setter, Gordon Setter, Italian Pointing Dog, Small Munsterlander\u00a0<strong>Elin Normannseth<\/strong>, Norway<br>Hungarian Short-Haired Pointer, Hungarian Wire-haired Pointer, Irish Red and White Setter, Irish Red Setter\u00a0<strong>Mervi Raisaari<br><\/strong>other breeds\u00a0<strong>Anne-Chaterine Edoff<\/strong>, Sweden<br><br><strong>Group 9<\/strong><br><em>Reserve judge for all group 9 breeds<strong> Alberto Vergara<\/strong>, Italy<\/em><br>Chinese Crested Dog, French Bulldog, Pekingese, Pug, Tibetan Terrier\u00a0<strong>Jaroslaw Grunt<\/strong>, Poland<br>Bolognese, Boston Terrier, Griffon Belge, Griffon Bruxellois, Havanese, Japanese Chin, King Charles Spaniel, Little Lion Dog, Papillon, Petit Braban\u00e7on, Phal\u00e8ne\u00a0<strong>Julia Hierner<\/strong>, Sweden<br>Cavalier King Charles Spaniel, Lhasa Apso, Shih Tzu, Tibetan Spaniel\u00a0<strong>Karin Linde-Klerholm<\/strong>, Sweden<br>Kromfohrl\u00e4nder\u00a0<strong>Mervi Raisaari<\/strong><br>Bichon Frise, Chihuahuas, Coton de Tulear, Maltese, Markiesje, Pra\u017esk\u00fd Krysar\u00edk, Russian Toys, Russkaja Tsvetnaja Bolonka\u00a0<strong>Vincenzo Pontone<\/strong>, Italy<br>Poodles\u00a0<strong>Zoran Roknic<\/strong>, Serbia<br><\/p>\n\n\n\n<p>Junior Handler&nbsp;<strong>Jouni Nummela<\/strong><br><br>GROUP FINALS SATURDAY<br>1<strong>&nbsp;Anne Liv\u00f6 Buvik<\/strong>, Norway<br>4<strong>&nbsp;Mervi Raisaari<\/strong><br>5<strong>&nbsp;Viva Maria Soleckyj Boguta<\/strong>, Poland<br>7<strong>&nbsp;Anne-Chaterine Edoff<\/strong>, Sweden<br>9<strong>&nbsp;Vincenzo Pontone<\/strong>, Italy<br>Best junior&nbsp;<strong>Alberto Vergara<\/strong>, Italy<br>Best veteran&nbsp;<strong>Helen Tonkson<\/strong>, Estonia<br>Best breeder group&nbsp;<strong>Carsten Birk<\/strong>, Denmark<br><\/p>\n\n\n\n<hr class=\"wp-block-separator has-alpha-channel-opacity\"\/>\n\n\n\n<h2 class=\"wp-block-heading\">Sunday<\/h2>\n\n\n\n<p><strong>Group 2<\/strong><br><em>Reserve judge for all group 2 breeds<strong> Alberto Vergara<\/strong>, Italy<\/em><br>Bernese Mountain Dog, Landseer, Leonberger, Newfoundland&nbsp;<strong>Elin Normannseth<\/strong>, Norway<br>Danish-Swedish Farmdog, Great Danes&nbsp;<strong>Erika H\u00e4kkinen<\/strong><br>Atlas Mountain Dog, Austrian Pinscher, Broholmer, Castro Laboreiro Dog, Caucasian Shepherd Dog, Central Asia Shepherd Dog, Cimarr\u00f3n Uruguayo, Ciob\u0103nesc Rom\u00e2nesc Corb, Dobermann, Dutch Smoushond, Entlebuch Cattle Dog, Great Swiss Mountain Dog, Karst Shepherd Dog, Miniature Pinscher, Presa Canario, Rafeiro of Alentejo, Romanian Bucovina Shepherd, Rottweiler, Russian Black Terrier, Transmontano Mastiff&nbsp;<strong>Jouni Nummela<\/strong><br>Miniature Schnauzers&nbsp;<strong>Julia Hierner<\/strong>, Sweden<br>Boxer&nbsp;<strong>Karin Linde-Klerholm<\/strong>, Sweden<br>Hovawart&nbsp;<strong>Maarit Hassinen<\/strong><br>Affenpinscher, Appenzell Cattle Dog, Continental Bulldog, Dogo Argentino, Dogue de Bordeaux, Estrela Mountain Dogs, Fila Brasileiro, German Pinscher, Kangal Shepherd Dog, Majorca Mastiff, Mastiff, Pyrenean Mastiff, Pyrenean Mountain Dog, Saint Miguel Cattle Dog, Shar Pei, Spanish Mastiff, St. Bernards, Tibetan Mastiff, Tornjak, Tosa, Yugoslavian Shepherd Dog - Sharplanina&nbsp;<strong>Mervi Raisaari<\/strong><br>Bulldog, Bullmastiff, Giant Schnauzers, Italian Cane Corso, Neapolitan Mastiff, Schnauzers <strong>Vincenzo Pontone<\/strong>, Italy<br><br><strong>Group 3<\/strong><br><em>Reserve judge for all group 3 breeds<strong> Alberto Vergara<\/strong>, Italy<\/em><br>Dandie Dinmont Terrier&nbsp;<strong>Anne Liv\u00f6 Buvik<\/strong>, Norway<br>Airedale Terrier, American Hairless Terrier, American Toy Fox Terrier, Biewer Terrier, Brazilian Terrier, Bull Terrier, English Toy Terrier, Miniature Bull Terrier, Parson Russell Terrier, Rat Terrier, Staffordshire Bull Terrier, Tenterfield Terrier, Welsh Terrier&nbsp;<strong>Helen Tonkson<\/strong>, Estonia<br>Australian Silky Terrier, Australian Terrier, Cairn Terrier, Norfolk Terrier, Norwich Terrier, Scottish Terrier, Skye Terrier&nbsp;<strong>Jaroslaw Grunt<\/strong>, Poland<br>American Staffordshire Terrier, Bedlington Terrier, Fox Terrier, Smooth-haired, Fox Terrier, Wire-haired, Irish Glen Of Imaal Terrier, Irish Soft Coated Wheaten Terrier, Irish Terrier&nbsp;<strong>Kalvo Kriisk<\/strong>, Estonia<br>Cesky Terrier, German Hunting Terrier, Jack Russell Terrier, Japanese Terrier, Lakeland Terrier, Ratonero Bodeguero Andaluz, Sealyham Terrier, Valencian Terrier&nbsp;<strong>Silja Jokinen<\/strong><br>Border Terrier, Kerry Blue Terrier, Manchester Terrier, West Highland White Terrier, Yorkshire Terrier&nbsp;<strong>Viva Maria Soleckyj Boguta<\/strong>, Poland<br><br><strong>Group 6<\/strong><br><em>Reserve judge for all group 6 breeds<strong> Alberto Vergara<\/strong>, Italy<\/em><br>Dalmatian&nbsp;<strong>Anne Liv\u00f6 Buvik<\/strong>, Norway<br>Rhodesian Ridgeback&nbsp;<strong>Carsten Birk<\/strong>, Denmark<br>Beagle, Drever&nbsp;<strong>Silja Jokinen<\/strong><br>other breeds&nbsp;<strong>Tarja Kolkka<\/strong><br><br><strong>Group 8<\/strong><br><em>Reserve judge for all group 8 breeds<strong> Viva Maria Soleckyj Boguta<\/strong>, Poland<\/em><br>English Springer Spaniel&nbsp;<strong>Anne Liv\u00f6 Buvik<\/strong>, Norway<br>Cocker Spaniel, Curly Coated Retriever, Lagotto Romagnolo, Spanish Water Dog&nbsp;<strong>Anne-Chaterine Edoff<\/strong>, Sweden<br>French Water Dog&nbsp;<strong>Carsten Birk<\/strong>, Denmark<br>American Cocker Spaniel, Field Spaniel, Nova Scotia Duck Tolling Retriever, Welsh Springer Spaniel&nbsp;<strong>Karin Linde-Klerholm<\/strong>, Sweden<br>Golden Retriever&nbsp;<strong>Maarit Hassinen<\/strong><br>German Spaniel&nbsp;<strong>Mervi Raisaari<\/strong><br>Clumber Spaniel, Flat Coated Retriever, Irish Water Spaniel, Sussex Spaniel, Wetterhoun&nbsp;<strong>Tarja Kolkka<\/strong><br>American Water Spaniel, Chesapeake Bay Retriever, Labrador Retriever, Nederlandse Kooikerhondje, Polish Hunting Spaniel, Portuguese Water Dog, Russian Spaniel&nbsp;<strong>Zoran Roknic<\/strong>, Serbia<br><br><strong>Group 10<\/strong><br><em>Reserve judge for all group 10 breeds<strong> Alberto Vergara<\/strong>, Italy<\/em><br>Whippet&nbsp;<strong>Carsten Birk<\/strong>, Denmark<br>Afghan Hound, Borzoi, Kazakh Tazy&nbsp;<strong>Erika H\u00e4kkinen<\/strong><br>Azawakh, Hungarian Greyhound, Irish Wolfhound, Italian Greyhound, Polish Greyhound, Saluki, Sloughi&nbsp;<strong>Marie Gadolin<\/strong>, Sweden<br>Deerhound, Greyhound, Spanish Greyhound&nbsp;<strong>Mervi Raisaari<\/strong><br><br>GROUP FINALS SUNDAY<br>2<strong>&nbsp;Elin Normannseth<\/strong>, Norway<br>3<strong>&nbsp;Jaroslaw Grunt<\/strong>, Poland<br>6<strong>&nbsp;Tarja Kolkka<\/strong><br>8<strong>&nbsp;Anne-Chaterine Edoff<\/strong>, Sweden<br>10<strong>&nbsp;Marie Gadolin<\/strong>, Sweden<br>Best junior&nbsp;<strong>Zoran Roknic<\/strong>, Serbia<br>Best veteran&nbsp;<strong>Carsten Birk<\/strong>, Denmark<br>Best breeder group&nbsp;<strong>Anne Liv\u00f6 Buvik<\/strong>, Norway<br><br>Best in Show<strong>&nbsp;Alberto Vergara<\/strong>, Italy<\/p>\n","protected":false},"excerpt":{"rendered":"<p>Saturday 18.4. FCI groups 1, 4, 5, 7, 9Sunday 19.4. FCI groups 2, 3, 6, 8, 10 Saturday Group 1Reserve judge for all group 1 breeds Alberto Vergara, ItalyDutch Schapendoes, Portuguese Sheepdog, Schipperke, Shetland Sheepdog\u00a0Anne Liv\u00f6 Buvik, NorwayBohemian Shepherd Dog, German Shepherd Dogs\u00a0Anne-Chaterine Edoff, SwedenAustralian Cattle Dog, Australian Kelpie, Australian Stumpy Tail Cattle Dog, Bearded <a href=\"https:\/\/www.showlink.fi\/shows\/vaasakv2026\/in-english\/judges-2\/\" class=\"more-link\">...jatka lukemista<span class=\"screen-reader-text\"> \"Judges\"<\/span><\/a><\/p>\n","protected":false},"author":1,"featured_media":0,"parent":30,"menu_order":8,"comment_status":"closed","ping_status":"closed","template":"","meta":{"footnotes":""},"class_list":["post-291","page","type-page","status-publish","h-entry","hentry","h-as-page"],"_links":{"self":[{"href":"https:\/\/www.showlink.fi\/shows\/vaasakv2026\/wp-json\/wp\/v2\/pages\/291","targetHints":{"allow":["GET"]}}],"collection":[{"href":"https:\/\/www.showlink.fi\/shows\/vaasakv2026\/wp-json\/wp\/v2\/pages"}],"about":[{"href":"https:\/\/www.showlink.fi\/shows\/vaasakv2026\/wp-json\/wp\/v2\/types\/page"}],"author":[{"embeddable":true,"href":"https:\/\/www.showlink.fi\/shows\/vaasakv2026\/wp-json\/wp\/v2\/users\/1"}],"replies":[{"embeddable":true,"href":"https:\/\/www.showlink.fi\/shows\/vaasakv2026\/wp-json\/wp\/v2\/comments?post=291"}],"version-history":[{"count":24,"href":"https:\/\/www.showlink.fi\/shows\/vaasakv2026\/wp-json\/wp\/v2\/pages\/291\/revisions"}],"predecessor-version":[{"id":1330,"href":"https:\/\/www.showlink.fi\/shows\/vaasakv2026\/wp-json\/wp\/v2\/pages\/291\/revisions\/1330"}],"up":[{"embeddable":true,"href":"https:\/\/www.showlink.fi\/shows\/vaasakv2026\/wp-json\/wp\/v2\/pages\/30"}],"wp:attachment":[{"href":"https:\/\/www.showlink.fi\/shows\/vaasakv2026\/wp-json\/wp\/v2\/media?parent=291"}],"curies":[{"name":"wp","href":"https:\/\/api.w.org\/{rel}","templated":true}]}}