{"id":599,"date":"2022-10-10T10:06:58","date_gmt":"2022-10-10T07:06:58","guid":{"rendered":"https:\/\/www.showlink.fi\/shows\/vaasakvluonnos\/?page_id=599"},"modified":"2025-09-23T11:07:22","modified_gmt":"2025-09-23T08:07:22","slug":"anmalan","status":"publish","type":"page","link":"https:\/\/www.showlink.fi\/shows\/vaasakv2026\/anmalan\/","title":{"rendered":"Anm\u00e4lning"},"content":{"rendered":"\n<p>Anm\u00e4lningar senast <strong>18.2 \/ 18.3 \/ 25.3<\/strong><\/p>\n\n\n\n<p class=\"has-pale-cyan-blue-background-color has-background\"><strong>Anm\u00e4lning till utst\u00e4llningen b\u00f6r g\u00f6ras online.<\/strong><br>Online-anm\u00e4lning betalas via internetbank eller kreditkort vid anm\u00e4lningstillf\u00e4llet. <br>Det \u00e4r inte m\u00f6jligt att anm\u00e4la sig till denna utst\u00e4llning per post.<\/p>\n\n\n\n<p>D\u00e5 hunden anm\u00e4ls till utst\u00e4llningen f\u00f6rbinder sig utst\u00e4llaren att efterf\u00f6lja Finska Kennelklubbens <a href=\"https:\/\/www.kennelliitto.fi\/sv\/hundaktiviteter\/hundutstallningar\">utst\u00e4llningsregler<\/a> och <a href=\"https:\/\/www.kennelliitto.fi\/sv\/att-aga-hund\/bestammelser-om-hundens-vaccinationer\">vaccinationsbest\u00e4mmelser<\/a>.<\/p>\n\n\n\n<p>Anm\u00e4lan via internet <span class=\"ul\"><strong><a href=\"http:\/\/www.showlink.fi\">www.showlink.fi<\/a><\/strong><\/span> \u2192<strong> <a href=\"https:\/\/ilmoittautuminen.kennelliitto.fi\/frmEtusivu.aspx?Lang=sv-SE\">ONLINE ENTRY<\/a><\/strong><\/p>\n\n\n\n<p><strong>OBS !<\/strong> Anm\u00e4lningssystemet s\u00e4nder ALLTID bekr\u00e4ftelse till avs\u00e4ndarens e-postadress efter att anm\u00e4lningen bokf\u00f6rts. Om ingen bekr\u00e4ftelse erh\u00e5lls, TA GENAST kontakt!<br>Endast online-anm\u00e4lningar som har f\u00e5tt ett bekr\u00e4ftelsemeddelande till den angivna e-postadressen kommer att accepteras till utst\u00e4llningen.  <\/p>\n\n\n\n<p>Om utst\u00e4llningen st\u00e4lls in, \u00e5terbetalas anm\u00e4lningsavgiften efter att bank- och handl\u00e4ggningskostnader debiterats.<\/p>\n\n\n\n<p class=\"has-pale-cyan-blue-background-color has-background\"><strong>Inga nummerlappar eller tidtabeller skickas per post, allt levereras elektroniskt.<\/strong><\/p>\n\n\n\n<p><strong>Anm\u00e4lningsavgifter senast den 18.2.2026<\/strong><\/p>\n\n\n\n<p><strong>44 \u20ac, <\/strong>samma \u00e4g. 2:a hund osv. <strong>39 \u20ac<br><\/strong>valpar och veteraner <strong>37 \u20ac<br><\/strong>junior handler <strong>15 \u20ac <\/strong><em>(t\u00e4vling endast p\u00e5 l\u00f6rdagen)<\/em><\/p>\n\n\n\n<p><strong>Anm\u00e4lningsavgifter under tiden 19.2\u201318.3.2026<\/strong><\/p>\n\n\n\n<p><strong>51 \u20ac<\/strong>, samma \u00e4g. 2:a hund osv.<strong> 46 \u20ac<br><\/strong>valpar och veteraner <strong>41 \u20ac<br><\/strong>junior handler <strong>15 \u20ac <\/strong><em><em>(t\u00e4vling endast p\u00e5 l\u00f6rdagen)<\/em><\/em><\/p>\n\n\n\n<p><strong>Anm\u00e4lningsavgift under tiden 19.3\u201325.3.2026<\/strong><\/p>\n\n\n\n<p><strong>70 \u20ac<\/strong> \/ hund<br>junior handler <strong>15 \u20ac <\/strong><em><em>(t\u00e4vling endast p\u00e5 l\u00f6rdag)<\/em><\/em><\/p>\n\n\n\n<p>F\u00f6r att anm\u00e4la hundar till rabatterat pris skall anm\u00e4lning g\u00f6ras i samma internetanm\u00e4lning. <strong>Rabatten r\u00e4knas endast p\u00e5 den dyrare anm\u00e4lningsavgiften (ej t.ex. p\u00e5 avgiften f\u00f6r valpar\/veteraner.)<\/strong> Som samma \u00e4gare tolkas den person som angetts som \u00e4gare av anm\u00e4lningssessionens f\u00f6rsta hund.<\/p>\n\n\n\n<p>Hundens t\u00e4vlingsklass kan inte \u00e4ndras efter att anm\u00e4lningstiden g\u00e5tt ut (om det inte \u00e4r fr\u00e5ga om ett fel som arrang\u00f6ren har beg\u00e5tt).<br>En hanhund med onormala testiklar erh\u00e5ller kvalitetspriset diskvalificerad.<\/p>\n\n\n\n<p><strong><strong>\u00d6vrig information<\/strong><\/strong><\/p>\n\n\n\n<p>Av en utl\u00e4ndsk hund kr\u00e4vs f\u00f6r deltagande i bruksklass ett bruksintyg (WCC). Om resultatet eller bruksintyget saknas, \u00f6verf\u00f6rs hunden automatiskt till \u00f6ppen klass.<\/p>\n\n\n\n<p>Av utl\u00e4ndsk hund kr\u00e4vs f\u00f6r deltagande i championklass ett championatintyg. Om championatintyget saknas, \u00f6verf\u00f6rs hunden automatiskt till \u00f6ppen klass. Utl\u00e4ndska championer t\u00e4vlar om certifikat (ifall hunden inte \u00e4nnu \u00e4r finsk champion).<\/p>\n\n\n\n<p>Vid hundutst\u00e4llningar, -prov och -t\u00e4vlingar samt vid \u00f6vriga organiserade massevenemang f\u00f6r hundar (h\u00e4refter evenemang) till\u00e4mpas vaccinationsbest\u00e4mmelserna som godk\u00e4nts av Finska Kennelklubbens styrelse. Evenemangets arrang\u00f6r svarar f\u00f6r kontroll av att vaccinationsbest\u00e4mmelserna f\u00f6ljs.<\/p>\n\n\n\n<p>Hunden b\u00f6r ha ett vaccinationsintyg (vaccinationsbok eller s\u00e4llskapsdjurpass), d\u00e4r det st\u00e5r vaccinationens sista giltighetsdag, hundens identifikationsuppgifter och senaste vaccinationer.<\/p>\n\n\n\n<p>Kuperade hundar f\u00e5r inte delta p\u00e5 utst\u00e4llningar, prov och t\u00e4vlingar.<\/p>\n\n\n\n<p>Alla hundar som deltar i utst\u00e4llningen skall vara id-m\u00e4rkta med Indexel\/Lifechip eller Datamars mikrochip eller tatuerad.<\/p>\n\n\n\n<p><strong>Antidoping<\/strong><br>Antidopingregler, godk\u00e4nda av Finska Kennelklubbens fullm\u00e4ktige (27.11.2005), har tr\u00e4tt i kraft 1.1.2007. Dessa regler g\u00e4ller alla utst\u00e4llningar, t\u00e4vlingar och prov godk\u00e4nda av Finska Kennelklubben. Se ocks\u00e5 <a href=\"http:\/\/www.kennelliitto.fi\/\">www.kennelliitto.fi<\/a> f\u00f6r aktuell information.<\/p>\n\n\n\n<p><strong>V\u00e4lkommen!<\/strong><\/p>\n","protected":false},"excerpt":{"rendered":"<p>Anm\u00e4lningar senast 18.2 \/ 18.3 \/ 25.3 Anm\u00e4lning till utst\u00e4llningen b\u00f6r g\u00f6ras online.Online-anm\u00e4lning betalas via internetbank eller kreditkort vid anm\u00e4lningstillf\u00e4llet. Det \u00e4r inte m\u00f6jligt att anm\u00e4la sig till denna utst\u00e4llning per post. D\u00e5 hunden anm\u00e4ls till utst\u00e4llningen f\u00f6rbinder sig utst\u00e4llaren att efterf\u00f6lja Finska Kennelklubbens utst\u00e4llningsregler och vaccinationsbest\u00e4mmelser. Anm\u00e4lan via internet www.showlink.fi \u2192 ONLINE ENTRY OBS <a href=\"https:\/\/www.showlink.fi\/shows\/vaasakv2026\/anmalan\/\" class=\"more-link\">...jatka lukemista<span class=\"screen-reader-text\"> \"Anm\u00e4lning\"<\/span><\/a><\/p>\n","protected":false},"author":1,"featured_media":0,"parent":0,"menu_order":10,"comment_status":"closed","ping_status":"closed","template":"","meta":{"footnotes":""},"class_list":["post-599","page","type-page","status-publish","h-entry","hentry","h-as-page"],"_links":{"self":[{"href":"https:\/\/www.showlink.fi\/shows\/vaasakv2026\/wp-json\/wp\/v2\/pages\/599","targetHints":{"allow":["GET"]}}],"collection":[{"href":"https:\/\/www.showlink.fi\/shows\/vaasakv2026\/wp-json\/wp\/v2\/pages"}],"about":[{"href":"https:\/\/www.showlink.fi\/shows\/vaasakv2026\/wp-json\/wp\/v2\/types\/page"}],"author":[{"embeddable":true,"href":"https:\/\/www.showlink.fi\/shows\/vaasakv2026\/wp-json\/wp\/v2\/users\/1"}],"replies":[{"embeddable":true,"href":"https:\/\/www.showlink.fi\/shows\/vaasakv2026\/wp-json\/wp\/v2\/comments?post=599"}],"version-history":[{"count":31,"href":"https:\/\/www.showlink.fi\/shows\/vaasakv2026\/wp-json\/wp\/v2\/pages\/599\/revisions"}],"predecessor-version":[{"id":1304,"href":"https:\/\/www.showlink.fi\/shows\/vaasakv2026\/wp-json\/wp\/v2\/pages\/599\/revisions\/1304"}],"wp:attachment":[{"href":"https:\/\/www.showlink.fi\/shows\/vaasakv2026\/wp-json\/wp\/v2\/media?parent=599"}],"curies":[{"name":"wp","href":"https:\/\/api.w.org\/{rel}","templated":true}]}}