{"id":609,"date":"2022-10-10T10:08:39","date_gmt":"2022-10-10T07:08:39","guid":{"rendered":"https:\/\/www.showlink.fi\/shows\/vaasakvluonnos\/?page_id=609"},"modified":"2025-09-23T11:00:19","modified_gmt":"2025-09-23T08:00:19","slug":"besokare","status":"publish","type":"page","link":"https:\/\/www.showlink.fi\/shows\/vaasakv2026\/besokare\/","title":{"rendered":"Bes\u00f6kare"},"content":{"rendered":"\n<p>V\u00e4lkommen till Vasa Internationella hundutst\u00e4llning i Botniahallen l\u00f6rdag 18.4 och s\u00f6ndag 19.4, Prost\u00f6v\u00e4gen 2, Korsholm.<br><br>P\u00e5 en hundutst\u00e4llning har du chansen att se m\u00e5nga olika raser och tr\u00e4ffa m\u00e4nniskorna bakom dem. P\u00e5 plats finns b\u00e5de uppf\u00f6dare och helt vanliga hund\u00e4gare. Huvudsyftet med utst\u00e4llning \u00e4r att fr\u00e4mja avelsarbete och uppf\u00f6dning men det \u00e4r ocks\u00e5 en plats f\u00f6r likasinnade att tr\u00e4ffas.<br><br><strong>Priser:<\/strong><br>parkeringsavgift 7 \u20ac<br>intr\u00e4de 8 \u20ac<br>barn under 12 \u00e5r gratis<br><br>Vasa hundutst\u00e4llning b\u00f6rjar b\u00e5da dagarna kl. 9.00 och slutar ca kl. 16.30. Man kan komma d\u00e5 det passar. Varje ras har en tidtabell och en ring som klarnar ungef\u00e4r en vecka innan utst\u00e4llningen.<\/p>\n\n\n\n<p>H\u00e4r \u00e4r en inblick i vad som h\u00e4nder p\u00e5 en hundutst\u00e4llning<br><a href=\"https:\/\/www.kennelliitto.fi\/sv\/hundaktiviteter\/hundutstallningar\/hundutstallningens-gang\">Hundutst\u00e4llningens g\u00e5ng<\/a> <\/p>\n\n\n\n<p><strong>L\u00f6rdag 18.4 bed\u00f6ms FCI-grupper 1, 4, 5, 7, 9<\/strong><br>FCI 1 - Vall-, boskaps- och herdehundar (utom sennenhundar)<br>FCI 4 - Taxar<br>FCI 5 - Spetsar och hundar av urhundstyp<br>FCI 7 - St\u00e5ende f\u00e5gelhundar<br>FCI 9 - S\u00e4llskapshundar<br><strong><br>S\u00f6ndag 19.4 bed\u00f6ms FCI-grupper 2, 3, 6, 8, 10<\/strong><br>FCI 2 - Pinscher, schnauzer, molosser och sennenhundar<br>FCI 3 - Terriers<br>FCI 6 - Drivande hundar samt s\u00f6k- och sp\u00e5rhundar<br>FCI 8 - St\u00f6tande hundar, apporterande hundar och vattenhundar<br>FCI 10 - Vinthundar<\/p>\n\n\n\n<p><strong><span style=\"text-decoration: underline;\">Gruppringen l\u00f6rdag:<\/span><\/strong><\/p>\n\n\n\n<p><strong>Enligt publicerad tidtabell:<\/strong><br>Junior Handler-t\u00e4vling, b\u00e5de FM-delt\u00e4vling och Vasa Kenneldistrikts distriktsm\u00e4sterskap<br><br><strong>Ca. kl. 15, d\u00e5 alla rasringar avslutats<br><\/strong>Dagens gruppt\u00e4vlingar, b\u00e4sta junior, b\u00e4sta veteran och b\u00e4sta uppf\u00f6dare samt Best in Show<br><br><br><strong><span style=\"text-decoration: underline;\">Gruppringen s\u00f6ndag:<\/span><br><br>Kl. 13.00<br>Barn &amp; leksakshund <\/strong>(inofficiell)<strong><br><\/strong>Den mycket omtyckta och lekfulla t\u00e4vlingen f\u00f6r familjens yngsta, under skol\u00e5ldern. Egen leksakshund visas p\u00e5 b\u00e4sta s\u00e4tt enligt direktiv som f\u00e5s i ringen. Ta med koppel till hunden (kan vara vilket band som helst) s\u00e5 \u00e4r det l\u00e4ttare att visa den. Domaren ser p\u00e5 hundens r\u00f6relser och uppf\u00f6rande. Alla deltagare bel\u00f6nas. Deltagaravgift 10 \u20ac. Anm\u00e4lning till kansliet senast kl. 12.<br><br><strong>Barn &amp; hund <\/strong>(inofficiell) (efter f\u00f6reg\u00e5ende t\u00e4vling)<br>Deltagarna, 7-10 \u00e5r, visar egen eller bekant hund. Ocks\u00e5 den h\u00e4r t\u00e4vlingen \u00e4r en av publikens favoriter. T\u00e4vlingen \u00e4r lekfull, direktiv ges och domaren ser efter ett gott samarbete mellan barn och hund. I t\u00e4vlingen kan s\u00e5v\u00e4l nyb\u00f6rjare som l\u00e4ngre hunna delta. Alla \u00e4r varmt v\u00e4lkomna. Deltagaravgift 10 \u20ac. Anm\u00e4lning till kansliet senast kl. 12.<br><br><strong>Ca. kl. 15, d\u00e5 alla rasringar avslutats<br><\/strong>Dagens gruppt\u00e4vlingar, b\u00e4sta junior, b\u00e4sta veteran och b\u00e4sta uppf\u00f6dare.<br><br><strong>V\u00c4LKOMMEN!<\/strong><\/p>\n","protected":false},"excerpt":{"rendered":"<p>V\u00e4lkommen till Vasa Internationella hundutst\u00e4llning i Botniahallen l\u00f6rdag 18.4 och s\u00f6ndag 19.4, Prost\u00f6v\u00e4gen 2, Korsholm. P\u00e5 en hundutst\u00e4llning har du chansen att se m\u00e5nga olika raser och tr\u00e4ffa m\u00e4nniskorna bakom dem. P\u00e5 plats finns b\u00e5de uppf\u00f6dare och helt vanliga hund\u00e4gare. Huvudsyftet med utst\u00e4llning \u00e4r att fr\u00e4mja avelsarbete och uppf\u00f6dning men det \u00e4r ocks\u00e5 en plats <a href=\"https:\/\/www.showlink.fi\/shows\/vaasakv2026\/besokare\/\" class=\"more-link\">...jatka lukemista<span class=\"screen-reader-text\"> \"Bes\u00f6kare\"<\/span><\/a><\/p>\n","protected":false},"author":1,"featured_media":0,"parent":0,"menu_order":15,"comment_status":"closed","ping_status":"closed","template":"","meta":{"footnotes":""},"class_list":["post-609","page","type-page","status-publish","h-entry","hentry","h-as-page"],"_links":{"self":[{"href":"https:\/\/www.showlink.fi\/shows\/vaasakv2026\/wp-json\/wp\/v2\/pages\/609","targetHints":{"allow":["GET"]}}],"collection":[{"href":"https:\/\/www.showlink.fi\/shows\/vaasakv2026\/wp-json\/wp\/v2\/pages"}],"about":[{"href":"https:\/\/www.showlink.fi\/shows\/vaasakv2026\/wp-json\/wp\/v2\/types\/page"}],"author":[{"embeddable":true,"href":"https:\/\/www.showlink.fi\/shows\/vaasakv2026\/wp-json\/wp\/v2\/users\/1"}],"replies":[{"embeddable":true,"href":"https:\/\/www.showlink.fi\/shows\/vaasakv2026\/wp-json\/wp\/v2\/comments?post=609"}],"version-history":[{"count":21,"href":"https:\/\/www.showlink.fi\/shows\/vaasakv2026\/wp-json\/wp\/v2\/pages\/609\/revisions"}],"predecessor-version":[{"id":1300,"href":"https:\/\/www.showlink.fi\/shows\/vaasakv2026\/wp-json\/wp\/v2\/pages\/609\/revisions\/1300"}],"wp:attachment":[{"href":"https:\/\/www.showlink.fi\/shows\/vaasakv2026\/wp-json\/wp\/v2\/media?parent=609"}],"curies":[{"name":"wp","href":"https:\/\/api.w.org\/{rel}","templated":true}]}}