{"id":613,"date":"2022-10-10T10:10:27","date_gmt":"2022-10-10T07:10:27","guid":{"rendered":"https:\/\/www.showlink.fi\/shows\/vaasakvluonnos\/?page_id=613"},"modified":"2025-09-23T10:15:37","modified_gmt":"2025-09-23T07:15:37","slug":"vierailijat","status":"publish","type":"page","link":"https:\/\/www.showlink.fi\/shows\/vaasakv2026\/vierailijat\/","title":{"rendered":"Vierailijat"},"content":{"rendered":"\n<p>Tervetuloa Vaasan kansainv\u00e4liseen koiran\u00e4yttelyyn Botniahalliin lauantaina 18.4. ja sunnuntaina 19.4., Papinsaarentie 2, Mustasaari.<br><br>Koiran\u00e4yttely tarjoaa mahdollisuuden n\u00e4hd\u00e4 monta eri rotua ja tutustua ihmisiin niiden takana. Paikalla on sek\u00e4 kasvattajia, ett\u00e4 ihan tavallisia koiranomistajia. N\u00e4yttelyiden p\u00e4\u00e4tarkoitus on yll\u00e4pit\u00e4\u00e4 koirien jalostus- ja kasvatusty\u00f6t\u00e4, mutta ne ovat my\u00f6s samanhenkisten ihmisten kohtaamispaikka.<br><br><strong>Hinnasto:<\/strong><br>parkkimaksu 7 \u20ac<br>sis\u00e4\u00e4np\u00e4\u00e4symaksu 8 \u20ac<br>lapset alle 12v. ilmaiseksi<br><br>Vaasan koiran\u00e4yttely alkaa molempina p\u00e4ivin\u00e4 klo 9.00 ja p\u00e4\u00e4ttyy n. klo 16.30. Paikalle voi tulla, kun itselle sopii. Jokaiselle rodulle on sek\u00e4 keh\u00e4, ett\u00e4 aikataulu tiedossa noin viikkoa ennen n\u00e4yttely\u00e4.<br><br>T\u00e4ss\u00e4 lis\u00e4\u00e4 tietoa siit\u00e4 mit\u00e4 koiran\u00e4yttelyss\u00e4 tapahtuu:<br><a href=\"https:\/\/www.kennelliitto.fi\/koiraharrastukset\/koiranayttelyt\/koiranayttelyn-kulku\">Koiran\u00e4yttelyiden kulku<\/a><br><br><strong>Lauantaina 18.4. arvostellaan FCI:n ryhm\u00e4t 1, 4, 5, 7, 9<\/strong><br>FCI 1 - Lammas- ja karjakoirat (paitsi sveitsinpaimenkoirat)<br>FCI 4 - M\u00e4yr\u00e4koirat<br>FCI 5 - Pystykorvat ja alkukantaiset koirat<br>FCI 7 - Seisovat lintukoirat<br>FCI 9 - Seurakoirat ja k\u00e4\u00e4pi\u00f6koirat<br><strong><br>Sunnuntaina 19.4. arvostellaan FCI:n ryhm\u00e4t 2, 3, 6, 8, 10<\/strong><br>FCI 2 - Pinserit, snautserit, molossityyppiset ja sveitsinpaimenkoirat<br>FCI 3 - Terrierit<br>FCI 6 - Ajavat ja j\u00e4ljest\u00e4v\u00e4t koirat<br>FCI 8 - Noutajat, yl\u00f6sajavat koirat ja vesikoirat<br>FCI 10 - Vinttikoirat<strong><br><br><span style=\"text-decoration: underline;\">Ryhm\u00e4keh\u00e4 lauantai:<\/span><\/strong><\/p>\n\n\n\n<p>Julkaistun aikataulun mukaisesti:<br><strong>Junior Handler -kilpailu, joka on samalla SM-osakilpailu ja Vaasan Kennelpiirin piirinmestaruuskilpailu<\/strong><\/p>\n\n\n\n<p><strong>Noin klo 15, kun kaikki rotukeh\u00e4t ovat p\u00e4\u00e4ttyneet<\/strong><br>P\u00e4iv\u00e4n ryhm\u00e4kilpailut, paras juniori, paras veteraani ja paras kasvattajaryhm\u00e4<\/p>\n\n\n\n<p><\/p>\n\n\n\n<p><strong><span style=\"text-decoration: underline;\">Ryhm\u00e4keh\u00e4 sunnuntai:<\/span><\/strong><\/p>\n\n\n\n<p><strong>Klo 13.00<\/strong><br><strong>Lapsi &amp; lelukoira kilpailu<\/strong> (ep\u00e4virallinen) Suurta suosiota her\u00e4tt\u00e4nyt kilpailu perheen pienimmille, alle kouluik\u00e4isille. Oma lelukoira mukaan ja hihna (voi olla my\u00f6s naru) jolla kuljettaa koiraa. Keh\u00e4ss\u00e4 neuvotaan miten koiraa esitet\u00e4\u00e4n ja tuomari katsoo koiran, aivan kuten rotukeh\u00e4ss\u00e4. Kaikki osallistujat palkitaan. Osallistumismaksu 10 \u20ac. Ilmoittautuminen kilpailuun n\u00e4yttelyn toimistossa klo 12 menness\u00e4.<\/p>\n\n\n\n<p><strong>Lapsi &amp; koira kilpailu <\/strong>(ep\u00e4virallinen)<strong> <\/strong>(edellisen kilpailun p\u00e4\u00e4dytty\u00e4)<br>T\u00e4ss\u00e4 toinen yleis\u00f6n suosikkikilpailu. 7\u201310-vuotiaat esitt\u00e4v\u00e4t omaa tai tutun koiraa. Kilpailu on leikkimielinen ja keh\u00e4ss\u00e4 neuvotaan mit\u00e4 tehd\u00e4. Tuomari arvostelee lapsen ja koiran yhteisty\u00f6t\u00e4. T\u00e4h\u00e4n osallistuu niin ensikertalaisia kuin konkareita. Kaikki ovat tervetulleita. Osallistumismaksu 10 \u20ac. Ilmoittautuminen kilpailuun n\u00e4yttelyn toimistossa klo 12 menness\u00e4.<\/p>\n\n\n\n<p><strong>Noin klo 15, kun kaikki rotukeh\u00e4t ovat p\u00e4\u00e4ttyneet<br><\/strong>P\u00e4iv\u00e4n ryhm\u00e4kilpailut, paras juniori, paras veteraani ja paras kasvattajaryhm\u00e4 sek\u00e4 Best in Show<\/p>\n\n\n\n<p><strong>TERVETULOA!<\/strong><\/p>\n\n\n\n<p><\/p>\n","protected":false},"excerpt":{"rendered":"<p>Tervetuloa Vaasan kansainv\u00e4liseen koiran\u00e4yttelyyn Botniahalliin lauantaina 18.4. ja sunnuntaina 19.4., Papinsaarentie 2, Mustasaari. Koiran\u00e4yttely tarjoaa mahdollisuuden n\u00e4hd\u00e4 monta eri rotua ja tutustua ihmisiin niiden takana. Paikalla on sek\u00e4 kasvattajia, ett\u00e4 ihan tavallisia koiranomistajia. N\u00e4yttelyiden p\u00e4\u00e4tarkoitus on yll\u00e4pit\u00e4\u00e4 koirien jalostus- ja kasvatusty\u00f6t\u00e4, mutta ne ovat my\u00f6s samanhenkisten ihmisten kohtaamispaikka. Hinnasto:parkkimaksu 7 \u20acsis\u00e4\u00e4np\u00e4\u00e4symaksu 8 \u20aclapset alle 12v. <a href=\"https:\/\/www.showlink.fi\/shows\/vaasakv2026\/vierailijat\/\" class=\"more-link\">...jatka lukemista<span class=\"screen-reader-text\"> \"Vierailijat\"<\/span><\/a><\/p>\n","protected":false},"author":1,"featured_media":0,"parent":0,"menu_order":7,"comment_status":"closed","ping_status":"closed","template":"","meta":{"footnotes":""},"class_list":["post-613","page","type-page","status-publish","h-entry","hentry","h-as-page"],"_links":{"self":[{"href":"https:\/\/www.showlink.fi\/shows\/vaasakv2026\/wp-json\/wp\/v2\/pages\/613","targetHints":{"allow":["GET"]}}],"collection":[{"href":"https:\/\/www.showlink.fi\/shows\/vaasakv2026\/wp-json\/wp\/v2\/pages"}],"about":[{"href":"https:\/\/www.showlink.fi\/shows\/vaasakv2026\/wp-json\/wp\/v2\/types\/page"}],"author":[{"embeddable":true,"href":"https:\/\/www.showlink.fi\/shows\/vaasakv2026\/wp-json\/wp\/v2\/users\/1"}],"replies":[{"embeddable":true,"href":"https:\/\/www.showlink.fi\/shows\/vaasakv2026\/wp-json\/wp\/v2\/comments?post=613"}],"version-history":[{"count":21,"href":"https:\/\/www.showlink.fi\/shows\/vaasakv2026\/wp-json\/wp\/v2\/pages\/613\/revisions"}],"predecessor-version":[{"id":1285,"href":"https:\/\/www.showlink.fi\/shows\/vaasakv2026\/wp-json\/wp\/v2\/pages\/613\/revisions\/1285"}],"wp:attachment":[{"href":"https:\/\/www.showlink.fi\/shows\/vaasakv2026\/wp-json\/wp\/v2\/media?parent=613"}],"curies":[{"name":"wp","href":"https:\/\/api.w.org\/{rel}","templated":true}]}}