{"id":674,"date":"2022-10-10T11:34:51","date_gmt":"2022-10-10T08:34:51","guid":{"rendered":"https:\/\/www.showlink.fi\/shows\/vaasakvluonnos\/?page_id=674"},"modified":"2026-04-18T10:07:11","modified_gmt":"2026-04-18T07:07:11","slug":"startsida-2","status":"publish","type":"page","link":"https:\/\/www.showlink.fi\/shows\/vaasakv2026\/startsida-2\/","title":{"rendered":"Startsida"},"content":{"rendered":"\n<h1 class=\"wp-block-heading\">Vasa internationella hundutst\u00e4llning 18\u201319.4.2026<\/h1>\n\n\n\n<p class=\"has-white-color has-vivid-cyan-blue-background-color has-text-color has-background has-link-color wp-elements-7768857aec6b5579ec11ea521ef977e7\">OBS 18.4.2026<br><strong>Zoran Roknic\u00a0<\/strong>\u00e4r tyv\u00e4rr f\u00f6rhindrad att delta i utst\u00e4llningen. <strong>Juha Putkonen<\/strong> bed\u00f6mmer alla hans raser b\u00e5da dagarna.<\/p>\n\n\n\n<p>V\u00e4lkommen till Vasa hundutst\u00e4llning i <a href=\"https:\/\/vaasanseudunareenat.fi\/\">Botniahallen<\/a>.<br>Adress: Prost\u00f6v\u00e4gen&nbsp;2 , Korsholm<\/p>\n\n\n\n<p><strong>L\u00f6rdag 18.4.2026 bed\u00f6ms FCI grupperna 1, 4, 5, 7 och 9<\/strong><br>FCI 1 - Vall-, boskaps- och herdehundar (utom sennenhundar)<br>FCI 4 - Taxar<br>FCI 5 - Spetsar och hundar av urhundstyp&nbsp;<br>FCI 7 - St\u00e5ende f\u00e5gelhundar<br>FCI 9 - S\u00e4llskapshundar<\/p>\n\n\n\n<p><strong>S\u00f6ndag 19.4.2026 bed\u00f6ms FCI grupperna 2, 3, 6, 8 och 10<\/strong><br>FCI 2 - Pinscher, schnauzer, molosser och sennenhundar<br>FCI 3 - Terriers<br>FCI 6 - Drivande hundar samt s\u00f6k- och sp\u00e5rhundar<br>FCI 8 - St\u00f6tande hundar, apporterande hundar och vattenhundar<br>FCI 10 - Vinthundar<\/p>\n\n\n\n<p>\u00c4ven valpar 7 - under 9 m\u00e5n.<\/p>\n\n\n\n<p>Bed\u00f6mningen b\u00f6rjar kl. 9.00<\/p>\n\n\n\n<p><strong>P\u00e5 l\u00f6rdag<\/strong> arrangeras junior handling t\u00e4vling som \u00e4r Vasa Kenneldistrikts distriktsm\u00e4sterskapst\u00e4vling och FM-delt\u00e4vling.<\/p>\n\n\n\n<p><strong>P\u00e5 s\u00f6ndag<\/strong> anordnas t\u00e4vlingar i Barn och leksakshund och Barn och hund. Alla barn v\u00e4lkomna! <br>Mer information om dessa p\u00e5 <a href=\"https:\/\/www.showlink.fi\/shows\/vaasakv2024\/besokare\/\" data-type=\"page\" data-id=\"609\">Bes\u00f6kare<\/a>-sidan. Deltagaravgift f\u00f6r barnt\u00e4vlingarna 10 \u20ac.<\/p>\n\n\n\n<p><mark style=\"background-color:rgba(0, 0, 0, 0)\" class=\"has-inline-color has-black-color\"><strong>Priser:<\/strong><br>parkeringsavgift 7 \u20ac<br>intr\u00e4de 8 \u20ac<br>barn under 12 \u00e5r gratis<\/mark><\/p>\n\n\n\n<p>F\u00f6r katalog och resultat kan Showlink mobilappen laddas ner, finns b\u00e5de i App Store och Google Play. Katalogen publiceras kl. 06.00 p\u00e5 utst\u00e4llningsdagen. Utst\u00e4llningen har inga tryckta utst\u00e4llningskataloger.<\/p>\n\n\n\n<p><strong>Turisthundar som inte deltar i utst\u00e4llningen \u00e4r till\u00e5tna. Vaccinationsintyg b\u00f6r medtas.<\/strong><\/p>\n\n\n\n<hr class=\"wp-block-separator has-css-opacity\"\/>\n\n\n\n<p><strong>Arrang\u00f6r:<\/strong> <a href=\"https:\/\/www.vaasankoirakerho.fi\/blog\/\">Vasa Hundklubb<\/a>, <a href=\"http:\/\/www.vasakennelforening.com\/fi.html\">Vasa Kennelf\u00f6rening<\/a>, <a href=\"https:\/\/www.merenkurkunnoutajat.com\/\">Kvarkens Retrievers<\/a>, <a href=\"https:\/\/oahk.fi\/kotisivu\/\">\u00d6sterbottens \u00c4lghundklubb<\/a><\/p>\n\n\n\n<figure class=\"wp-block-image size-full\"><img loading=\"lazy\" decoding=\"async\" width=\"800\" height=\"184\" src=\"https:\/\/www.showlink.fi\/shows\/vaasakvluonnos\/wp-content\/uploads\/sites\/311\/2022\/10\/logoja_jarjestajat.png\" alt=\"\" class=\"wp-image-672\"\/><\/figure>\n","protected":false},"excerpt":{"rendered":"<p>Vasa internationella hundutst\u00e4llning 18\u201319.4.2026 OBS 18.4.2026Zoran Roknic\u00a0\u00e4r tyv\u00e4rr f\u00f6rhindrad att delta i utst\u00e4llningen. Juha Putkonen bed\u00f6mmer alla hans raser b\u00e5da dagarna. V\u00e4lkommen till Vasa hundutst\u00e4llning i Botniahallen.Adress: Prost\u00f6v\u00e4gen&nbsp;2 , Korsholm L\u00f6rdag 18.4.2026 bed\u00f6ms FCI grupperna 1, 4, 5, 7 och 9FCI 1 - Vall-, boskaps- och herdehundar (utom sennenhundar)FCI 4 - TaxarFCI 5 - Spetsar <a href=\"https:\/\/www.showlink.fi\/shows\/vaasakv2026\/startsida-2\/\" class=\"more-link\">...jatka lukemista<span class=\"screen-reader-text\"> \"Startsida\"<\/span><\/a><\/p>\n","protected":false},"author":1,"featured_media":0,"parent":0,"menu_order":9,"comment_status":"closed","ping_status":"closed","template":"","meta":{"footnotes":""},"class_list":["post-674","page","type-page","status-publish","h-entry","hentry","h-as-page"],"_links":{"self":[{"href":"https:\/\/www.showlink.fi\/shows\/vaasakv2026\/wp-json\/wp\/v2\/pages\/674","targetHints":{"allow":["GET"]}}],"collection":[{"href":"https:\/\/www.showlink.fi\/shows\/vaasakv2026\/wp-json\/wp\/v2\/pages"}],"about":[{"href":"https:\/\/www.showlink.fi\/shows\/vaasakv2026\/wp-json\/wp\/v2\/types\/page"}],"author":[{"embeddable":true,"href":"https:\/\/www.showlink.fi\/shows\/vaasakv2026\/wp-json\/wp\/v2\/users\/1"}],"replies":[{"embeddable":true,"href":"https:\/\/www.showlink.fi\/shows\/vaasakv2026\/wp-json\/wp\/v2\/comments?post=674"}],"version-history":[{"count":29,"href":"https:\/\/www.showlink.fi\/shows\/vaasakv2026\/wp-json\/wp\/v2\/pages\/674\/revisions"}],"predecessor-version":[{"id":1368,"href":"https:\/\/www.showlink.fi\/shows\/vaasakv2026\/wp-json\/wp\/v2\/pages\/674\/revisions\/1368"}],"wp:attachment":[{"href":"https:\/\/www.showlink.fi\/shows\/vaasakv2026\/wp-json\/wp\/v2\/media?parent=674"}],"curies":[{"name":"wp","href":"https:\/\/api.w.org\/{rel}","templated":true}]}}