{"id":677,"date":"2022-10-10T11:37:40","date_gmt":"2022-10-10T08:37:40","guid":{"rendered":"https:\/\/www.showlink.fi\/shows\/vaasakvluonnos\/?page_id=677"},"modified":"2025-09-23T10:29:38","modified_gmt":"2025-09-23T07:29:38","slug":"forfragningar","status":"publish","type":"page","link":"https:\/\/www.showlink.fi\/shows\/vaasakv2026\/forfragningar\/","title":{"rendered":"F\u00f6rfr\u00e5gningar"},"content":{"rendered":"\n<p class=\"has-text-align-left\"><strong>F\u00f6rfr\u00e5gningar om anm\u00e4lningar: <\/strong><\/p>\n\n\n\n<ul class=\"wp-block-list\">\n<li>Showlink Oy<br>+358 9 887 30 320 vard. kl 11.00\u201317.00<br>info@showlink.fi (also in English)<\/li>\n<\/ul>\n\n\n\n<p class=\"has-text-align-left\"><strong>Ringfunktion\u00e4rer:<\/strong><\/p>\n\n\n\n<ul class=\"wp-block-list\">\n<li>Anna-Mari Sampola<br>sampola.annamari@gmail.com<\/li>\n<\/ul>\n\n\n\n<p class=\"has-text-align-left\"><strong>Domarelever:<\/strong><\/p>\n\n\n\n<ul class=\"wp-block-list\">\n<li>Tina Korpela<br>tina_korpela@hotmail.com<br>+358 40 913 1630<\/li>\n<\/ul>\n\n\n\n<p class=\"has-text-align-left\"><strong>\u00d6vriga f\u00f6rfr\u00e5gningar:<\/strong><\/p>\n\n\n\n<ul class=\"wp-block-list\">\n<li>vaasadogshow@gmail.com<br>+358 40 913 1630<\/li>\n<\/ul>\n\n\n\n<p class=\"has-text-align-left\"><strong>F\u00f6rfr\u00e5gningar om f\u00f6rs\u00e4ljningsplatser<\/strong>:<\/p>\n\n\n\n<ul class=\"wp-block-list\">\n<li>Lasse \u00c5berg<br>+358 40 0865 923<\/li>\n<\/ul>\n\n\n\n<p><strong>Utst\u00e4llningens kansli<\/strong><\/p>\n\n\n\n<ul class=\"wp-block-list\">\n<li>+358 40 913 1630&nbsp;(\u00e4ven Whatsapp)<\/li>\n<\/ul>\n\n\n\n<p><\/p>\n","protected":false},"excerpt":{"rendered":"<p>F\u00f6rfr\u00e5gningar om anm\u00e4lningar: Ringfunktion\u00e4rer: Domarelever: \u00d6vriga f\u00f6rfr\u00e5gningar: F\u00f6rfr\u00e5gningar om f\u00f6rs\u00e4ljningsplatser: Utst\u00e4llningens kansli<\/p>\n","protected":false},"author":1,"featured_media":0,"parent":0,"menu_order":10,"comment_status":"closed","ping_status":"closed","template":"","meta":{"footnotes":""},"class_list":["post-677","page","type-page","status-publish","h-entry","hentry","h-as-page"],"_links":{"self":[{"href":"https:\/\/www.showlink.fi\/shows\/vaasakv2026\/wp-json\/wp\/v2\/pages\/677","targetHints":{"allow":["GET"]}}],"collection":[{"href":"https:\/\/www.showlink.fi\/shows\/vaasakv2026\/wp-json\/wp\/v2\/pages"}],"about":[{"href":"https:\/\/www.showlink.fi\/shows\/vaasakv2026\/wp-json\/wp\/v2\/types\/page"}],"author":[{"embeddable":true,"href":"https:\/\/www.showlink.fi\/shows\/vaasakv2026\/wp-json\/wp\/v2\/users\/1"}],"replies":[{"embeddable":true,"href":"https:\/\/www.showlink.fi\/shows\/vaasakv2026\/wp-json\/wp\/v2\/comments?post=677"}],"version-history":[{"count":15,"href":"https:\/\/www.showlink.fi\/shows\/vaasakv2026\/wp-json\/wp\/v2\/pages\/677\/revisions"}],"predecessor-version":[{"id":1290,"href":"https:\/\/www.showlink.fi\/shows\/vaasakv2026\/wp-json\/wp\/v2\/pages\/677\/revisions\/1290"}],"wp:attachment":[{"href":"https:\/\/www.showlink.fi\/shows\/vaasakv2026\/wp-json\/wp\/v2\/media?parent=677"}],"curies":[{"name":"wp","href":"https:\/\/api.w.org\/{rel}","templated":true}]}}