{"id":689,"date":"2022-10-10T11:56:48","date_gmt":"2022-10-10T08:56:48","guid":{"rendered":"https:\/\/www.showlink.fi\/shows\/vaasakvluonnos\/?page_id=689"},"modified":"2025-09-30T12:04:47","modified_gmt":"2025-09-30T09:04:47","slug":"domare","status":"publish","type":"page","link":"https:\/\/www.showlink.fi\/shows\/vaasakv2026\/domare\/","title":{"rendered":"Domare"},"content":{"rendered":"\n<p><strong>L\u00f6rdag 18.4. bed\u00f6ms FCI grupper 1, 4, 5, 7, 9<\/strong><br><strong>S\u00f6ndag 19.4. bed\u00f6ms FCI grupper 2, 3, 6, 8, 10<\/strong><\/p>\n\n\n\n<hr class=\"wp-block-separator has-alpha-channel-opacity\"\/>\n\n\n\n<h2 class=\"wp-block-heading\">L\u00f6rdag<\/h2>\n\n\n\n<p><strong>Grupp 1<\/strong><br><em>Reservdomare till alla grupp 1 raser <strong>Alberto Vergara<\/strong>, Italien<\/em><br>cao da serra de aires, nederlandse schapendoes, schipperke, shetland sheepdog\u00a0<strong>Anne Liv\u00f6 Buvik<\/strong>, Norge<br>chodsk\u00fd pes, sch\u00e4fers,\u00a0<strong>Anne-Chaterine Edoff<\/strong>, Sverige<br>australian cattledog, australian kelpie, australian stumpy tail cattle dog, bearded collie, bouvier des ardennes, korth\u00e5rig collie, l\u00e5ngh\u00e5rig collie, mudi, old english sheepdog, puli, pumi\u00a0<strong>Carsten Birk<\/strong>, Danmark<br>welsh corgi cardigan, welsh corgi pembroke\u00a0<strong>Elin Normannseth<\/strong>, Norge<br>bergamasco, berger des pyr\u00e9n\u00e9es \u00e0 face rase, berger des pyr\u00e9n\u00e9es \u00e0 poil long, ca de bestiar, ceskoslovensk\u00fd vlciak, ciobanesc romanesc carpatin, ciobanesc romanesc mioritic, gos d'atura catal\u00e1, hrvatski ovcar, juzjnorusskaja ovtjarka, mali me\u0111imurski pas, miniature american shepherd, polski owczarek nizinny, polski owczarek podhalanski, saarloos wolfhond, vit herdehund, vostotjnoevropejskaja ovtjarka\u00a0<strong>Jouni Nummela<\/strong><br>beauceron, berger picard, bouvier des flandres, briard, hollandse herdershonds, komondor, kuvasz, lancashire heeler, maremmano abruzzese, slovensk\u00fd cuvac\u00a0<strong>Kalvo Kriisk<\/strong>, Estland<br>australian shepherd, belgisk vallhundar, border collie\u00a0<strong>Maarit Hassinen<\/strong><br><br><strong>Grupp 4<\/strong><br><em>Reservdomare till alla grupp 4 raser <\/em><strong>Alberto Vergara<\/strong>, Italien<br>tax, korth\u00e5rig, tax, l\u00e5ngh\u00e5rig, tax, str\u00e4vh\u00e5rig\u00a0<strong>Marie Gadolin<\/strong>, Sverige<br>dv\u00e4rgtaxarna, kanintaxarna\u00a0<strong>Mervi Raisaari<\/strong><br><br><strong>Grupp 5<\/strong><br><em>Reservdomare till alla grupp 5 raser <\/em><strong>Viva Maria Soleckyj Boguta<\/strong>, Polen<br>karelsk bj\u00f6rnhund, lapsk vallhund, norrbottenspets, svensk vit \u00e4lghund, v\u00e4stsibirisk lajka\u00a0<strong>Anne-Chaterine Edoff<\/strong>, Sverige<br>akita, alaskan malamute, american akita, chow chow, cirneco dell'etna, eurasier, faraohund, siberian husky\u00a0<strong>Erika H\u00e4kkinen<\/strong><br>american eskimo dog, dansk spids, h\u00e4lleforshund, isl\u00e4ndsk f\u00e5rhund, svart spets, grosspitzs, keeshond, pomeranian, v\u00e4stg\u00f6taspets\u00a0<strong>Helen Tonkson<\/strong>, Estland<br>kleinspitzs, <strong>Kalvo Kriisk<\/strong>, Estland<br>basenji\u00a0<strong>Marie Gadolin<\/strong>, Sverige<br>finsk lapphund, finsk spets, samojedhund, \u00f6stsibirisk lajka\u00a0<strong>Silja Jokinen<\/strong><br>japansk spets, mittelspitzs, <strong>Viva Maria Soleckyj Boguta<\/strong>, Polen<br>\u00f6vriga\u00a0<strong>Tarja Kolkka<\/strong><br><br><strong>Grupp 7<\/strong><br><em>Reservdomare till alla grupp 7 raser <\/em><strong>Alberto Vergara<\/strong>, Italien<br>bracco italiano, breton, engelsk setter, gordon setter, kleiner m\u00fcnsterl\u00e4nder, pointer\u00a0<strong>Elin Normannseth<\/strong>, Norge<br>irl\u00e4ndsk r\u00f6d och vit setter, irl\u00e4ndsk r\u00f6d setter, ungersk vizsla, korth\u00e5rig, ungersk vizsla, str\u00e4vh\u00e5rig\u00a0<strong>Mervi Raisaari<br><\/strong>\u00f6vriga <strong>Anne-Chaterine Edoff<\/strong>, Sverige<br><br><strong>Grupp 9<\/strong><br><em>Reservdomare till alla grupp 9 raser <\/em><strong>Alberto Vergara<\/strong>, Italien<br>chinese crested dog, fransk bulldogg, mops, pekingese, tibetansk terrier\u00a0<strong>Jaroslaw Grunt<\/strong>, Polen<br>bichon havanais, bolognese, bostonterrier, griffon belge, griffon bruxellois, japanese chin, king charles spaniel, l\u00f6wchen, papillon, petit brabancon, phal\u00e8ne\u00a0<strong>Julia Hierner<\/strong>, Sverige<br>cavalier king charles spaniel, lhasa apso, shih tzu, tibetansk spaniel\u00a0<strong>Karin Linde-Klerholm<\/strong>, Sverige<br>kromfohrl\u00e4nder\u00a0<strong>Mervi Raisaari<\/strong><br>bichon fris\u00e9, chihuahuas, coton de tul\u00e9ar, malteser, markiesje, pra\u017esk\u00fd krysar\u00edk, russkaja tsvetnaja bolonka, russkiy toys\u00a0<strong>Vincenzo Pontone<\/strong>, Italien<br>pudels\u00a0<strong>Zoran Roknic<\/strong>, Serbien<\/p>\n\n\n\n<p><br>Junior Handler&nbsp;<strong>Jouni Nummela<\/strong><\/p>\n\n\n\n<p><br>GRUPPFINALER L\u00d6RDAG<br>1<strong>&nbsp;Anne Liv\u00f6 Buvik<\/strong>, Norge<br>4<strong>&nbsp;Mervi Raisaari<\/strong><br>5<strong>&nbsp;Viva Maria Soleckyj Boguta<\/strong>, Polen<br>7<strong>&nbsp;Anne-Chaterine Edoff<\/strong>, Sverige<br>9<strong>&nbsp;Vincenzo Pontone<\/strong>, Italien<br>B\u00e4sta junior&nbsp;<strong>Alberto Vergara<\/strong>, Italien<br>B\u00e4sta veteran&nbsp;<strong>Helen Tonkson<\/strong>, Estland<br>B\u00e4sta uppf\u00f6dargrupp&nbsp;<strong>Carsten Birk<\/strong>, Danmark<br><\/p>\n\n\n\n<hr class=\"wp-block-separator has-alpha-channel-opacity\"\/>\n\n\n\n<h2 class=\"wp-block-heading\">S\u00f6ndag<\/h2>\n\n\n\n<p><strong>Grupp 2<\/strong><br><em>Reservdomare till alla grupp 2 raser <\/em><strong>Alberto Vergara<\/strong>, Italien<br>berner sennenhund, landseer, leonberger, newfoundlandshund&nbsp;<strong>Elin Normannseth<\/strong>, Norge<br>dansk-svensk g\u00e5rdshund, grand danois<strong> Erika H\u00e4kkinen<\/strong><br>aidi, broholmer, cao de castro laboreiro, c\u00e3o de gado transmontano, cimarr\u00f3n uruguayo, Ciob\u0103nesc Rom\u00e2nesc Corb, ciobanesc romanesc de bucovina, dobermann, dv\u00e4rgpinscher, entlebucher sennenhund, grosser schweizer sennenhund, hollandse smoushond, kavkazskaja ovtjarka, kraski ovcar, presa canario, rafeiro do alentejo, rottweiler, rysk svart terrier, sredneasiatskaja ovtjarka, \u00f6sterreichischer pinscher&nbsp;<strong>Jouni Nummela<\/strong><br>dv\u00e4rgschnauzers <strong>Julia Hierner<\/strong>, Sverige<br>boxer&nbsp;<strong>Karin Linde-Klerholm<\/strong>, Sverige<br>hovawart&nbsp;<strong>Maarit Hassinen<\/strong><br>affenpinscher, appenzeller sennenhund, cao da serra da estrela, pelo comprido, cao da serra da estrela, pelo curto, cao fila de sao miguel, continental bulldog, dogo argentino, dogue de bordeaux, fila brasileiro, kangal \u00e7oban k\u00f6pegi, mastiff, mast\u00edn espanol, perro dogo mallorqu\u00edn\/ca de bou, pinscher, pyren\u00e9erhund, pyreneisk mastiff, sankt bernhardshunds, sarplaninac, shar pei, tibetansk mastiff, tornjak, tosa&nbsp;<strong>Mervi Raisaari<\/strong><br>bullmastiff, cane corso, engelsk bulldogg, mastino napoletano, riesenschnauzers, schnauzers, <strong>Vincenzo Pontone<\/strong>, Italien<br><br><strong>Grupp 3<\/strong><br><em>Reservdomare till alla grupp 3 raser <\/em><strong>Alberto Vergara<\/strong>, Italien<br>dandie dinmont terrier&nbsp;<strong>Anne Liv\u00f6 Buvik<\/strong>, Norge<br>airedaleterrier, american hairless terrier, american toy fox terrier, biewer terrier, bullterrier, english toy terrier, miniatyrbullterrier, parson russell terrier, rat terrier, staffordshire bullterrier, tenterfield terrier, terrier brasileiro, welshterrier&nbsp;<strong>Helen Tonkson<\/strong>, Estland<br>australisk terrier, cairnterrier, norfolkterrier, norwichterrier, silky terrier, skotsk terrier, skyeterrier&nbsp;<strong>Jaroslaw Grunt<\/strong>, Polen<br>american staffordshire terrier, bedlingtonterrier, irish glen of imaal terrier, irish softcoated wheaten terrier, irl\u00e4ndsk terrier, sl\u00e4th\u00e5rig foxterrier, str\u00e4vh\u00e5rig foxterrier&nbsp;<strong>Kalvo Kriisk<\/strong>, Estland<br>ceskyterrier, gos rater valenci\u00e0, jack russell terrier, lakelandterrier, nihon teria, ratonero bodeguero andaluz, sealyhamterrier, tysk jaktterrier&nbsp;<strong>Silja Jokinen<\/strong><br>borderterrier, kerry blue terrier, manchesterterrier, west highland white terrier, yorkshireterrier&nbsp;<strong>Viva Maria Soleckyj Boguta<\/strong>, Polen<br><br><strong>Grupp 6<\/strong><br><em>Reservdomare till alla grupp 6 raser <\/em><strong>Alberto Vergara<\/strong>, Italien<br>dalmatiner&nbsp;<strong>Anne Liv\u00f6 Buvik<\/strong>, Norge<br>rhodesian ridgeback&nbsp;<strong>Carsten Birk<\/strong>, Danmark<br>beagle, drever&nbsp;<strong>Silja Jokinen<\/strong><br>\u00f6vriga&nbsp;<strong>Tarja Kolkka<\/strong><br><br><strong>Grupp 8<\/strong><br><em>Reservdomare till alla grupp 8 raser <\/em><strong>Viva Maria Soleckyj Boguta<\/strong>, Polen<br>engelsk springer spaniel&nbsp;<strong>Anne Liv\u00f6 Buvik<\/strong>, Norge<br>cocker spaniel, curly coated retriever, lagotto romagnolo, spansk vattenhund&nbsp;<strong>Anne-Chaterine Edoff<\/strong>, Sverige<br>barbet&nbsp;<strong>Carsten Birk<\/strong>, Danmark<br>amerikansk cocker spaniel, field spaniel, nova scotia duck tolling retriever, welsh springer spaniel&nbsp;<strong>Karin Linde-Klerholm<\/strong>, Sverige<br>golden retriever&nbsp;<strong>Maarit Hassinen<\/strong><br>wachtelhund&nbsp;<strong>Mervi Raisaari<\/strong><br>clumber spaniel, flatcoated retriever, irl\u00e4ndsk vattenspaniel, sussex spaniel, wetterhoun&nbsp;<strong>Tarja Kolkka<\/strong><br>american water spaniel, chesapeake bay retriever, labrador retriever, nederlandse kooikerhondje, polski spaniel mysliwski, portugisisk vattenhund, russkaja ochotnitjija spaniel&nbsp;<strong>Zoran Roknic<\/strong>, Serbien<br><br><strong>Grupp 10<\/strong><br><em>Reservdomare till alla grupp 10 raser <\/em><strong>Alberto Vergara<\/strong>, Italien<br>whippet&nbsp;<strong>Carsten Birk<\/strong>, Danmark<br>afghanhund, borzoi, Kazakh Tazy&nbsp;<strong>Erika H\u00e4kkinen<\/strong><br>azawakh, chart polski, irl\u00e4ndsk varghund, italiensk vinthund, magyar agar, saluki, sloughi&nbsp;<strong>Marie Gadolin<\/strong>, Sverige<br>galgo espanol, greyhound, skotsk hjorthund&nbsp;<strong>Mervi Raisaari<\/strong><br><br>GRUPPFINALER S\u00d6NDAG<br>2<strong>&nbsp;Elin Normannseth<\/strong>, Norge<br>3<strong>&nbsp;Jaroslaw Grunt<\/strong>, Polen<br>6<strong>&nbsp;Tarja Kolkka<\/strong><br>8<strong>&nbsp;Anne-Chaterine Edoff<\/strong>, Sverige<br>10<strong>&nbsp;Marie Gadolin<\/strong>, Sverige<br>B\u00e4sta junior&nbsp;<strong>Zoran Roknic<\/strong>, Serbien<br>B\u00e4sta veteran <strong>Carsten Birk<\/strong>, Danmark<br>B\u00e4sta uppf\u00f6dargrupp&nbsp;<strong>Anne Liv\u00f6 Buvik<\/strong>, Norge<br><br>Best in Show<strong>&nbsp;Alberto Vergara<\/strong>, Italien<\/p>\n","protected":false},"excerpt":{"rendered":"<p>L\u00f6rdag 18.4. bed\u00f6ms FCI grupper 1, 4, 5, 7, 9S\u00f6ndag 19.4. bed\u00f6ms FCI grupper 2, 3, 6, 8, 10 L\u00f6rdag Grupp 1Reservdomare till alla grupp 1 raser Alberto Vergara, Italiencao da serra de aires, nederlandse schapendoes, schipperke, shetland sheepdog\u00a0Anne Liv\u00f6 Buvik, Norgechodsk\u00fd pes, sch\u00e4fers,\u00a0Anne-Chaterine Edoff, Sverigeaustralian cattledog, australian kelpie, australian stumpy tail cattle dog, bearded <a href=\"https:\/\/www.showlink.fi\/shows\/vaasakv2026\/domare\/\" class=\"more-link\">...jatka lukemista<span class=\"screen-reader-text\"> \"Domare\"<\/span><\/a><\/p>\n","protected":false},"author":1,"featured_media":0,"parent":0,"menu_order":11,"comment_status":"closed","ping_status":"closed","template":"","meta":{"footnotes":""},"class_list":["post-689","page","type-page","status-publish","h-entry","hentry","h-as-page"],"_links":{"self":[{"href":"https:\/\/www.showlink.fi\/shows\/vaasakv2026\/wp-json\/wp\/v2\/pages\/689","targetHints":{"allow":["GET"]}}],"collection":[{"href":"https:\/\/www.showlink.fi\/shows\/vaasakv2026\/wp-json\/wp\/v2\/pages"}],"about":[{"href":"https:\/\/www.showlink.fi\/shows\/vaasakv2026\/wp-json\/wp\/v2\/types\/page"}],"author":[{"embeddable":true,"href":"https:\/\/www.showlink.fi\/shows\/vaasakv2026\/wp-json\/wp\/v2\/users\/1"}],"replies":[{"embeddable":true,"href":"https:\/\/www.showlink.fi\/shows\/vaasakv2026\/wp-json\/wp\/v2\/comments?post=689"}],"version-history":[{"count":24,"href":"https:\/\/www.showlink.fi\/shows\/vaasakv2026\/wp-json\/wp\/v2\/pages\/689\/revisions"}],"predecessor-version":[{"id":1328,"href":"https:\/\/www.showlink.fi\/shows\/vaasakv2026\/wp-json\/wp\/v2\/pages\/689\/revisions\/1328"}],"wp:attachment":[{"href":"https:\/\/www.showlink.fi\/shows\/vaasakv2026\/wp-json\/wp\/v2\/media?parent=689"}],"curies":[{"name":"wp","href":"https:\/\/api.w.org\/{rel}","templated":true}]}}