{"id":10,"date":"2020-01-27T14:50:49","date_gmt":"2020-01-27T12:50:49","guid":{"rendered":"https:\/\/www.showlink.fi\/shows\/rovaniemirn07-080821\/?page_id=10"},"modified":"2025-12-03T09:23:03","modified_gmt":"2025-12-03T07:23:03","slug":"ilmoittautuminen","status":"publish","type":"page","link":"https:\/\/www.showlink.fi\/shows\/villakoiraer2026\/ilmoittautuminen\/","title":{"rendered":"Ilmoittautuminen"},"content":{"rendered":"\n<p><strong>Ilmoittautuminen n\u00e4yttelyyn tulee tehd\u00e4 joko postitse tai internetiss\u00e4.&nbsp;<\/strong>Ilmoittaessaan  koiransa n\u00e4yttelyn n\u00e4ytteilleasettaja sitoutuu noudattamaan Suomen  Kennelliiton voimassa olevia n\u00e4yttelys\u00e4\u00e4nt\u00f6j\u00e4 ja niit\u00e4 t\u00e4ydent\u00e4vi\u00e4  ohjeita sek\u00e4 rokotusm\u00e4\u00e4r\u00e4yksi\u00e4. S\u00e4\u00e4nn\u00f6t l\u00f6ytyv\u00e4t&nbsp;<a href=\"https:\/\/www.kennelliitto.fi\/koiraharrastukset\/koiranayttelyt\/ohjeita-ja-lomakkeita-nayttelyyn-osallistujille-ja-nayttelyn-jarjestajille\"><strong>Kennelliiton kotisivuilta.<\/strong><\/a><\/p>\n\n\n\n<p><strong>Online-ilmoittautuminen<\/strong>&nbsp;osoitteessa&nbsp;<a href=\"http:\/\/www.showlink.fi\/\">www.showlink.fi<\/a> \u2192<strong>&nbsp;<\/strong><a href=\"http:\/\/ilmoittautuminen.kennelliitto.fi\/\"><strong>ILMOITTAUDU N\u00c4YTTELYYN<\/strong><\/a><\/p>\n\n\n\n<p>Online-ilmoittautumisesta tulee aina vahvistus s\u00e4hk\u00f6postiisi. Jollet \nsaa vahvistusta, ota v\u00e4litt\u00f6m\u00e4sti yhteytt\u00e4 asiakaspalveluumme. Tarkasta \nilmoittautumisesta koirasi tiedot ja kilpailuluokka.&nbsp; \nNetti-ilmoittautuminen maksetaan verkkopankilla tai luottokortilla \nilmoittautumisen yhteydess\u00e4.<\/p>\n\n\n\n<p><strong><em>Tai<\/em><\/strong><em>&nbsp;postitse&nbsp;<\/em><strong><a href=\"https:\/\/www.kennelliitto.fi\/sites\/default\/files\/2018-07\/nayttelyilmo2018_taytettava_NEW.pdf\" data-type=\"link\" data-id=\"https:\/\/www.kennelliitto.fi\/sites\/default\/files\/2018-07\/nayttelyilmo2018_taytettava_NEW.pdf\">Kennelliiton ilmoittautumislomakkeella<\/a> <\/strong>kopio maksukuitista mukaan liitettyn\u00e4, osoitteella:<\/p>\n\n\n\n<p><strong>Villakoirien erikoisn\u00e4yttely 22.3.2026<\/strong><strong> <br>PL 50<br>02771 Espoo<\/strong><\/p>\n\n\n\n<h3 class=\"wp-block-heading\"><mark style=\"background-color:rgba(0, 0, 0, 0);color:#d7bf97\" class=\"has-inline-color\">Ilmoittautumismaksut<\/mark><\/h3>\n\n\n\n<p><strong>Ilmoittautuminen 28.2.2026 menness\u00e4 <\/strong><br>1. koira<strong> 38 \u20ac<br><\/strong>saman omistajan<strong>\u00a02.<\/strong>\u00a0jne koira<strong>\u00a035\u20ac\u00a0<\/strong><br>pennut ja veteraanit <strong>30\u20ac<br><\/strong>yli 10-vuotiaat veteraanit <strong>ilmaiseksi<\/strong> veteraaniluokkaan ilmoitettuna <br>Junior handler <strong>10\u20ac<\/strong><\/p>\n\n\n\n<p><strong>Kirjeen\u00e4 l\u00e4hetett\u00e4vien ilmoittautumisten maksut tulee suorittaa tilille<\/strong><br>Suomen Villakoirakerho<br><strong>IBAN<\/strong> FI85 5612 1120 1666 13<br><strong>Viite <\/strong>1122<\/p>\n\n\n\n<hr class=\"wp-block-separator has-text-color has-alpha-channel-opacity has-background\" style=\"background-color:#b8b8b836;color:#b8b8b836\"\/>\n\n\n\n<h3 class=\"wp-block-heading\"><mark style=\"background-color:rgba(0, 0, 0, 0);color:#d7bf97\" class=\"has-inline-color\">Lis\u00e4tietoa<\/mark><\/h3>\n\n\n\n<p>Ilmoittautumisajan p\u00e4\u00e4ttymisen j\u00e4lkeen koiraa ei voida siirt\u00e4\u00e4 toiseen luokkaan (ellei kysymyksess\u00e4 ole j\u00e4rjest\u00e4j\u00e4st\u00e4 johtuva virhe).<br>Uros, jolla ei ole normaalit kivekset saa hyl\u00e4tyn.<\/p>\n\n\n\n<p><strong>Huom!&nbsp;<\/strong>Alennuksen (saman omistajan 2. jne koira) saaminen edellytt\u00e4\u00e4 sit\u00e4, ett\u00e4 ilmoittautuminen tehd\u00e4\u00e4n samalla ilmoittautumiskerralla. Alennus lasketaan <strong><em>vain samaan n\u00e4yttelyyn<\/em><\/strong><em> yhdell\u00e4 kertaa tehdyist\u00e4 t\u00e4ysihintaisista ilmoittautumismaksuista<\/em> <strong>(ei pentujen tai veteraanien maksuista).<\/strong> Samaksi omistajaksi tulkitaan ilmoittautumistapahtuman ensimm\u00e4iselle koiralle ensimm\u00e4iseksi omistajaksi merkitty henkil\u00f6.<\/p>\n\n\n\n<p>Ilmoittautuminen on teht\u00e4v\u00e4 kirjallisesti - pelkk\u00e4 n\u00e4yttelymaksun suoritus ei ole ilmoittautuminen! Kirjallisen ilmoittautumisen voit tehd\u00e4 joko vahvistettuna netti-ilmoittautumisena tai postita kopio maksukuitista sek\u00e4 ilmoittautumislomake kirjeen\u00e4 viimeist\u00e4\u00e4n viimeisen\u00e4 ilmoittautumisp\u00e4iv\u00e4n\u00e4.<\/p>\n\n\n\n<p>Internetilmoittautuminen maksetaan verkkopankissa tai luottokortilla ilmoittautumisen yhteydess\u00e4 ohjelman antamien ohjeiden mukaan. <\/p>\n\n\n\n<p><strong>Ilmoittautumisia ja kasvattajaryhmi\u00e4 koskevat tiedustelut<\/strong><br>Showlink Oy arkisin klo 11-17 puh. 09 887 30320 tai e-mail: info@showlink.fi<br><em>Mainitsethan tiedustelussasi \/ s\u00e4hk\u00f6postissasi n\u00e4yttelyn nimen sek\u00e4 koiran rekisterinumeron, jota tiedustelu koskee. Jollet saa ilmoittautumisestasi vahvistusta s\u00e4hk\u00f6postiisi, ota v\u00e4litt\u00f6m\u00e4sti yhteytt\u00e4 asiakaspalveluumme. Tarkasta ilmoittautumisesta koirasi tiedot ja kilpailuluokka.<\/em><\/p>\n\n\n\n<p><strong>Rokotusm\u00e4\u00e4r\u00e4ykset&nbsp;<\/strong>Suomen Kennelliitto-Finska Kennelklubben ry:n m\u00e4\u00e4r\u00e4ysten mukaan.<br>Suomen lain vastaisesti typistetyt koirat eiv\u00e4t saa osallistua n\u00e4yttelyyn.<br>N\u00e4yttelyyn osallistuvan koiran tulee olla tunnistusmerkitty.<\/p>\n\n\n\n<p><strong>Antidoping \u2013valvonta<\/strong><br>Dopingvalvonta koskee kaikkia Suomen Kennelliiton my\u00f6nt\u00e4mi\u00e4 n\u00e4yttelyit\u00e4, kilpailuja ja kokeita. Ajankohtaisinta tietoa osoitteessa&nbsp;<a href=\"https:\/\/www.kennelliitto.fi\/koiraharrastukset\/tietoa-antidopingsaannoista-kaytanteista-ja-valvonnasta\">KENNELLIITTO \/ ANTIDOPING<\/a><\/p>\n","protected":false},"excerpt":{"rendered":"<p>Ilmoittautuminen n\u00e4yttelyyn tulee tehd\u00e4 joko postitse tai internetiss\u00e4.&nbsp;Ilmoittaessaan koiransa n\u00e4yttelyn n\u00e4ytteilleasettaja sitoutuu noudattamaan Suomen Kennelliiton voimassa olevia n\u00e4yttelys\u00e4\u00e4nt\u00f6j\u00e4 ja niit\u00e4 t\u00e4ydent\u00e4vi\u00e4 ohjeita sek\u00e4 rokotusm\u00e4\u00e4r\u00e4yksi\u00e4. S\u00e4\u00e4nn\u00f6t l\u00f6ytyv\u00e4t&nbsp;Kennelliiton kotisivuilta. Online-ilmoittautuminen&nbsp;osoitteessa&nbsp;www.showlink.fi \u2192&nbsp;ILMOITTAUDU N\u00c4YTTELYYN Online-ilmoittautumisesta tulee aina vahvistus s\u00e4hk\u00f6postiisi. Jollet saa vahvistusta, ota v\u00e4litt\u00f6m\u00e4sti yhteytt\u00e4 asiakaspalveluumme. Tarkasta ilmoittautumisesta koirasi tiedot ja kilpailuluokka.&nbsp; Netti-ilmoittautuminen maksetaan verkkopankilla tai luottokortilla ilmoittautumisen yhteydess\u00e4. <a href=\"https:\/\/www.showlink.fi\/shows\/villakoiraer2026\/ilmoittautuminen\/\" class=\"more-link\">...jatka lukemista<span class=\"screen-reader-text\"> \"Ilmoittautuminen\"<\/span><\/a><\/p>\n","protected":false},"author":1,"featured_media":0,"parent":0,"menu_order":3,"comment_status":"closed","ping_status":"closed","template":"","meta":{"footnotes":""},"class_list":["post-10","page","type-page","status-publish","h-entry","hentry","h-as-page"],"_links":{"self":[{"href":"https:\/\/www.showlink.fi\/shows\/villakoiraer2026\/wp-json\/wp\/v2\/pages\/10","targetHints":{"allow":["GET"]}}],"collection":[{"href":"https:\/\/www.showlink.fi\/shows\/villakoiraer2026\/wp-json\/wp\/v2\/pages"}],"about":[{"href":"https:\/\/www.showlink.fi\/shows\/villakoiraer2026\/wp-json\/wp\/v2\/types\/page"}],"author":[{"embeddable":true,"href":"https:\/\/www.showlink.fi\/shows\/villakoiraer2026\/wp-json\/wp\/v2\/users\/1"}],"replies":[{"embeddable":true,"href":"https:\/\/www.showlink.fi\/shows\/villakoiraer2026\/wp-json\/wp\/v2\/comments?post=10"}],"version-history":[{"count":18,"href":"https:\/\/www.showlink.fi\/shows\/villakoiraer2026\/wp-json\/wp\/v2\/pages\/10\/revisions"}],"predecessor-version":[{"id":215,"href":"https:\/\/www.showlink.fi\/shows\/villakoiraer2026\/wp-json\/wp\/v2\/pages\/10\/revisions\/215"}],"wp:attachment":[{"href":"https:\/\/www.showlink.fi\/shows\/villakoiraer2026\/wp-json\/wp\/v2\/media?parent=10"}],"curies":[{"name":"wp","href":"https:\/\/api.w.org\/{rel}","templated":true}]}}