{"id":12,"date":"2020-01-27T14:51:06","date_gmt":"2020-01-27T12:51:06","guid":{"rendered":"https:\/\/www.showlink.fi\/shows\/rovaniemirn07-080821\/?page_id=12"},"modified":"2026-03-11T10:03:14","modified_gmt":"2026-03-11T08:03:14","slug":"aikataulut","status":"publish","type":"page","link":"https:\/\/www.showlink.fi\/shows\/villakoiraer2026\/aikataulut\/","title":{"rendered":"Aikataulut"},"content":{"rendered":"\n<p>Aikataulut julkaistu 10.3.2026<br>Aikataulukirje <a href=\"https:\/\/www.showlink.fi\/aikataulut2026\/Villakoira_ER_220326_aikataulukirje.pdf\">PDF<\/a><\/p>\n\n\n<table width=\"463\">\n<tbody>\n<tr>\n<td width=\"335\"><strong>KEH\u00c4 1<\/strong><\/td>\n<td width=\"64\">\u00a0<\/td>\n<td width=\"64\">\u00a0<\/td>\n<\/tr>\n<tr>\n<td><strong>Kim Sillito-Beale, Iso-Britannia<\/strong><\/td>\n<td><strong>88<\/strong><\/td>\n<td>\u00a0<\/td>\n<\/tr>\n<tr>\n<td>villakoira, iso, musta, ruskea ja valkoinen<\/td>\n<td>37<\/td>\n<td>10.00<\/td>\n<\/tr>\n<tr>\n<td>- pennut<\/td>\n<td>4<\/td>\n<td>\u00a0<\/td>\n<\/tr>\n<tr>\n<td>- urokset<\/td>\n<td>13<\/td>\n<td>\u00a0<\/td>\n<\/tr>\n<tr>\n<td>- nartut\u00a0<\/td>\n<td>20<\/td>\n<td>\u00a0<\/td>\n<\/tr>\n<tr>\n<td><em><strong>lounastauko 30 min<\/strong><\/em><\/td>\n<td>\u00a0<\/td>\n<td>\u00a0<\/td>\n<\/tr>\n<tr>\n<td>villakoira, iso, harmaa, aprikoosi ja punainen<\/td>\n<td>17<\/td>\n<td>\u00a0<\/td>\n<\/tr>\n<tr>\n<td>villakoira, iso, moniv\u00e4rinen<\/td>\n<td>3<\/td>\n<td>\u00a0<\/td>\n<\/tr>\n<tr>\n<td>villakoira, toy, harmaa, aprikoosi ja punainen<\/td>\n<td>6<\/td>\n<td>\u00a0<\/td>\n<\/tr>\n<tr>\n<td>villakoira, toy, musta, ruskea ja valkoinen<\/td>\n<td>25<\/td>\n<td>\u00a0<\/td>\n<\/tr>\n<tr>\n<td>\u00a0<\/td>\n<td>\u00a0<\/td>\n<td>\u00a0<\/td>\n<\/tr>\n<tr>\n<td><strong>KEH\u00c4 2<\/strong><\/td>\n<td>\u00a0<\/td>\n<td>\u00a0<\/td>\n<\/tr>\n<tr>\n<td><strong>Brett Hamilton, Ruotsi<\/strong><\/td>\n<td><strong>86<\/strong><\/td>\n<td>\u00a0<\/td>\n<\/tr>\n<tr>\n<td><em><strong>Villakoirien mittaus<\/strong><\/em><\/td>\n<td>\u00a0<\/td>\n<td><em><strong>09.45<\/strong><\/em><\/td>\n<\/tr>\n<tr>\n<td>villakoira, keskikokoinen, harmaa, aprikoosi ja punainen<\/td>\n<td>45<\/td>\n<td>10.00<\/td>\n<\/tr>\n<tr>\n<td>- pennut<\/td>\n<td>12<\/td>\n<td>\u00a0<\/td>\n<\/tr>\n<tr>\n<td>- urokset<\/td>\n<td>17<\/td>\n<td>\u00a0<\/td>\n<\/tr>\n<tr>\n<td>- nartut\u00a0<\/td>\n<td>16<\/td>\n<td>\u00a0<\/td>\n<\/tr>\n<tr>\n<td><em><strong>lounastauko 30 min<\/strong><\/em><\/td>\n<td>\u00a0<\/td>\n<td>\u00a0<\/td>\n<\/tr>\n<tr>\n<td>villakoira, keskikokoinen, musta, ruskea ja valkoinen<\/td>\n<td>39<\/td>\n<td>\u00a0<\/td>\n<\/tr>\n<tr>\n<td>- pennut<\/td>\n<td>9<\/td>\n<td>\u00a0<\/td>\n<\/tr>\n<tr>\n<td>- urokset<\/td>\n<td>12<\/td>\n<td>\u00a0<\/td>\n<\/tr>\n<tr>\n<td>- nartut\u00a0<\/td>\n<td>18<\/td>\n<td>\u00a0<\/td>\n<\/tr>\n<tr>\n<td>villakoira, keskikokoinen, moniv\u00e4rinen<\/td>\n<td>2<\/td>\n<td>\u00a0<\/td>\n<\/tr>\n<tr>\n<td>\u00a0<\/td>\n<td>\u00a0<\/td>\n<td>\u00a0<\/td>\n<\/tr>\n<tr>\n<td><strong>KEH\u00c4 3<\/strong><\/td>\n<td>\u00a0<\/td>\n<td>\u00a0<\/td>\n<\/tr>\n<tr>\n<td><strong>Arturo Sheppard, Iso-Britannia<\/strong><\/td>\n<td><strong>66<\/strong><\/td>\n<td>\u00a0<\/td>\n<\/tr>\n<tr>\n<td>villakoira, k\u00e4\u00e4pi\u00f6, musta, ruskea ja valkoinen<\/td>\n<td>36<\/td>\n<td>10.00<\/td>\n<\/tr>\n<tr>\n<td>- pennut<\/td>\n<td>9<\/td>\n<td>\u00a0<\/td>\n<\/tr>\n<tr>\n<td>- urokset<\/td>\n<td>12<\/td>\n<td>\u00a0<\/td>\n<\/tr>\n<tr>\n<td>- nartut\u00a0<\/td>\n<td>15<\/td>\n<td>\u00a0<\/td>\n<\/tr>\n<tr>\n<td><em><strong>lounastauko 30 min<\/strong><\/em><\/td>\n<td>\u00a0<\/td>\n<td>\u00a0<\/td>\n<\/tr>\n<tr>\n<td>villakoira, k\u00e4\u00e4pi\u00f6, harmaa, aprikoosi ja punainen<\/td>\n<td>29<\/td>\n<td>\u00a0<\/td>\n<\/tr>\n<tr>\n<td>villakoira, k\u00e4\u00e4pi\u00f6, moniv\u00e4rinen<\/td>\n<td>1<\/td>\n<td>\u00a0<\/td>\n<\/tr>\n<tr>\n<td><strong>Junior handler<\/strong><\/td>\n<td>\u00a0<\/td>\n<td>\u00a0<\/td>\n<\/tr>\n<tr>\n<td><strong>Suvi Lukjanov<\/strong><\/td>\n<td><strong>17<\/strong><\/td>\n<td>\u00a0<\/td>\n<\/tr>\n<tr>\n<td>- nuoremmat<\/td>\n<td>8<\/td>\n<td>\u00a0<\/td>\n<\/tr>\n<tr>\n<td>- vanhemmat<\/td>\n<td>9<\/td>\n<td>\u00a0<\/td>\n<\/tr>\n<\/tbody>\n<\/table>","protected":false},"excerpt":{"rendered":"<p>Aikataulut julkaistu 10.3.2026Aikataulukirje PDF KEH\u00c4 1 \u00a0 \u00a0 Kim Sillito-Beale, Iso-Britannia 88 \u00a0 villakoira, iso, musta, ruskea ja valkoinen 37 10.00 - pennut 4 \u00a0 - urokset 13 \u00a0 - nartut\u00a0 20 \u00a0 lounastauko 30 min \u00a0 \u00a0 villakoira, iso, harmaa, aprikoosi ja punainen 17 \u00a0 villakoira, iso, moniv\u00e4rinen 3 \u00a0 villakoira, toy, harmaa, aprikoosi <a href=\"https:\/\/www.showlink.fi\/shows\/villakoiraer2026\/aikataulut\/\" class=\"more-link\">...jatka lukemista<span class=\"screen-reader-text\"> \"Aikataulut\"<\/span><\/a><\/p>\n","protected":false},"author":1,"featured_media":0,"parent":0,"menu_order":4,"comment_status":"closed","ping_status":"closed","template":"","meta":{"footnotes":""},"class_list":["post-12","page","type-page","status-publish","h-entry","hentry","h-as-page"],"_links":{"self":[{"href":"https:\/\/www.showlink.fi\/shows\/villakoiraer2026\/wp-json\/wp\/v2\/pages\/12","targetHints":{"allow":["GET"]}}],"collection":[{"href":"https:\/\/www.showlink.fi\/shows\/villakoiraer2026\/wp-json\/wp\/v2\/pages"}],"about":[{"href":"https:\/\/www.showlink.fi\/shows\/villakoiraer2026\/wp-json\/wp\/v2\/types\/page"}],"author":[{"embeddable":true,"href":"https:\/\/www.showlink.fi\/shows\/villakoiraer2026\/wp-json\/wp\/v2\/users\/1"}],"replies":[{"embeddable":true,"href":"https:\/\/www.showlink.fi\/shows\/villakoiraer2026\/wp-json\/wp\/v2\/comments?post=12"}],"version-history":[{"count":12,"href":"https:\/\/www.showlink.fi\/shows\/villakoiraer2026\/wp-json\/wp\/v2\/pages\/12\/revisions"}],"predecessor-version":[{"id":230,"href":"https:\/\/www.showlink.fi\/shows\/villakoiraer2026\/wp-json\/wp\/v2\/pages\/12\/revisions\/230"}],"wp:attachment":[{"href":"https:\/\/www.showlink.fi\/shows\/villakoiraer2026\/wp-json\/wp\/v2\/media?parent=12"}],"curies":[{"name":"wp","href":"https:\/\/api.w.org\/{rel}","templated":true}]}}