{"id":6,"date":"2020-01-27T14:46:24","date_gmt":"2020-01-27T12:46:24","guid":{"rendered":"https:\/\/www.showlink.fi\/shows\/rovaniemirn07-080821\/?page_id=6"},"modified":"2026-01-29T08:58:41","modified_gmt":"2026-01-29T06:58:41","slug":"tervetuloa-rovaniemen-ryhmanayttelyyn","status":"publish","type":"page","link":"https:\/\/www.showlink.fi\/shows\/villakoiraer2026\/","title":{"rendered":"Tervetuloa Suomen Villakoirakerhon j\u00e4rjest\u00e4m\u00e4\u00e4n erikoisn\u00e4yttelyyn 22.3.2026!"},"content":{"rendered":"\n<p>N\u00e4yttelypaikkana toimii <strong>Lahden Messukeskus<\/strong><br>Osoite: <strong>Salpaussel\u00e4nkatu 7, 15110 Lahti<\/strong><\/p>\n\n\n\n<p>N\u00e4yttelyss\u00e4 arvostellaan <strong>my\u00f6s pennut (5 kk \u2013 alle 7 kk &amp; 7 kk \u2013 alle 9 kk) ja j\u00e4lkel\u00e4isluokka<\/strong>.<br>Lis\u00e4ksi n\u00e4yttelyss\u00e4 j\u00e4rjestet\u00e4\u00e4n <strong>Junior Handler -kilpailu<\/strong>.<br><strong>Lapsi ja koira -kilpailu<\/strong><br>Lapsi ja koira -kilpailuun ilmoittautuminen n\u00e4yttelyn toimistoon klo 12 menness\u00e4, josta saa my\u00f6s kilpailunumeron. Leikkimielinen kilpailu j\u00e4rjestet\u00e4\u00e4n rotukehien arvostelun j\u00e4lkeen, ennen loppukilpailuja.<br>Tuomarina <em>Lotta Ravaska<\/em>. Kilpailun yl\u00e4ik\u00e4raja 10 v. Ilmoittautumismaksu 5 \u20ac.<\/p>\n\n\n\n<p>Arvostelu kehiss\u00e4 alkaa klo 10.<\/p>\n\n\n\n<p><strong>J\u00e4rjest\u00e4j\u00e4:<\/strong> <a href=\"https:\/\/villakoirakerho.com\/\" data-type=\"link\" data-id=\"https:\/\/villakoirakerho.com\/\">Suomen Villakoirakerho<\/a><\/p>\n\n\n\n<hr class=\"wp-block-separator has-text-color has-alpha-channel-opacity has-background\" style=\"background-color:#b8b8b836;color:#b8b8b836\"\/>\n\n\n\n<h3 class=\"wp-block-heading\"><mark style=\"background-color:rgba(0, 0, 0, 0);color:#d7bf97\" class=\"has-inline-color\">Tiedustelut<\/mark><\/h3>\n\n\n\n<p><strong>Ilmoittautumisia koskevat tiedustelut<\/strong><br>Showlink Oy, arkisin klo 11 \u2013 17 puh. (09) 8873 0320 tai email: info@showlink.fi <br><em>Mainitsethan tiedustelussasi \/ s\u00e4hk\u00f6postissasi n\u00e4yttelyn sek\u00e4 koiran rekisterinumeron, jota tiedustelu koskee.<\/em><\/p>\n\n\n\n<p><strong>Muut tiedustelut <\/strong><br>Johanna Markola<br><a href=\"mailto:johanna.markola@gmail.com\">johanna.markola@gmail.com<\/a><br>puh. 050 4654407<\/p>\n\n\n\n<figure class=\"wp-block-image size-full\"><a href=\"https:\/\/fi.monsterpetfood.com\/\"><img loading=\"lazy\" decoding=\"async\" width=\"1080\" height=\"1080\" src=\"https:\/\/www.showlink.fi\/shows\/villakoiraer2026\/wp-content\/uploads\/sites\/225\/2025\/12\/MONSTERogo.png\" alt=\"\" class=\"wp-image-220\" srcset=\"https:\/\/www.showlink.fi\/shows\/villakoiraer2026\/wp-content\/uploads\/sites\/225\/2025\/12\/MONSTERogo.png 1080w, https:\/\/www.showlink.fi\/shows\/villakoiraer2026\/wp-content\/uploads\/sites\/225\/2025\/12\/MONSTERogo-300x300.png 300w, https:\/\/www.showlink.fi\/shows\/villakoiraer2026\/wp-content\/uploads\/sites\/225\/2025\/12\/MONSTERogo-1024x1024.png 1024w, https:\/\/www.showlink.fi\/shows\/villakoiraer2026\/wp-content\/uploads\/sites\/225\/2025\/12\/MONSTERogo-150x150.png 150w, https:\/\/www.showlink.fi\/shows\/villakoiraer2026\/wp-content\/uploads\/sites\/225\/2025\/12\/MONSTERogo-768x768.png 768w, https:\/\/www.showlink.fi\/shows\/villakoiraer2026\/wp-content\/uploads\/sites\/225\/2025\/12\/MONSTERogo-960x960.png 960w\" sizes=\"auto, (max-width: 1080px) 100vw, 1080px\" \/><\/a><\/figure>\n","protected":false},"excerpt":{"rendered":"<p>N\u00e4yttelypaikkana toimii Lahden MessukeskusOsoite: Salpaussel\u00e4nkatu 7, 15110 Lahti N\u00e4yttelyss\u00e4 arvostellaan my\u00f6s pennut (5 kk \u2013 alle 7 kk &amp; 7 kk \u2013 alle 9 kk) ja j\u00e4lkel\u00e4isluokka.Lis\u00e4ksi n\u00e4yttelyss\u00e4 j\u00e4rjestet\u00e4\u00e4n Junior Handler -kilpailu.Lapsi ja koira -kilpailuLapsi ja koira -kilpailuun ilmoittautuminen n\u00e4yttelyn toimistoon klo 12 menness\u00e4, josta saa my\u00f6s kilpailunumeron. Leikkimielinen kilpailu j\u00e4rjestet\u00e4\u00e4n rotukehien arvostelun j\u00e4lkeen, ennen <a href=\"https:\/\/www.showlink.fi\/shows\/villakoiraer2026\/\" class=\"more-link\">...jatka lukemista<span class=\"screen-reader-text\"> \"Tervetuloa Suomen Villakoirakerhon j\u00e4rjest\u00e4m\u00e4\u00e4n erikoisn\u00e4yttelyyn 22.3.2026!\"<\/span><\/a><\/p>\n","protected":false},"author":1,"featured_media":0,"parent":0,"menu_order":0,"comment_status":"closed","ping_status":"closed","template":"","meta":{"footnotes":""},"class_list":["post-6","page","type-page","status-publish","h-entry","hentry","h-as-page"],"_links":{"self":[{"href":"https:\/\/www.showlink.fi\/shows\/villakoiraer2026\/wp-json\/wp\/v2\/pages\/6","targetHints":{"allow":["GET"]}}],"collection":[{"href":"https:\/\/www.showlink.fi\/shows\/villakoiraer2026\/wp-json\/wp\/v2\/pages"}],"about":[{"href":"https:\/\/www.showlink.fi\/shows\/villakoiraer2026\/wp-json\/wp\/v2\/types\/page"}],"author":[{"embeddable":true,"href":"https:\/\/www.showlink.fi\/shows\/villakoiraer2026\/wp-json\/wp\/v2\/users\/1"}],"replies":[{"embeddable":true,"href":"https:\/\/www.showlink.fi\/shows\/villakoiraer2026\/wp-json\/wp\/v2\/comments?post=6"}],"version-history":[{"count":44,"href":"https:\/\/www.showlink.fi\/shows\/villakoiraer2026\/wp-json\/wp\/v2\/pages\/6\/revisions"}],"predecessor-version":[{"id":227,"href":"https:\/\/www.showlink.fi\/shows\/villakoiraer2026\/wp-json\/wp\/v2\/pages\/6\/revisions\/227"}],"wp:attachment":[{"href":"https:\/\/www.showlink.fi\/shows\/villakoiraer2026\/wp-json\/wp\/v2\/media?parent=6"}],"curies":[{"name":"wp","href":"https:\/\/api.w.org\/{rel}","templated":true}]}}