{"id":8,"date":"2020-01-27T14:47:35","date_gmt":"2020-01-27T12:47:35","guid":{"rendered":"https:\/\/www.showlink.fi\/shows\/rovaniemirn07-080821\/?page_id=8"},"modified":"2025-12-09T13:02:44","modified_gmt":"2025-12-09T11:02:44","slug":"tuomarit","status":"publish","type":"page","link":"https:\/\/www.showlink.fi\/shows\/villakoiraer2026\/tuomarit\/","title":{"rendered":"Tuomarit"},"content":{"rendered":"\n<p><\/p>\n\n\n\n<p class=\"has-black-color has-text-color has-link-color wp-elements-5ddc16dd51206986092ad783def3fb77\">Isovillakoirat <strong>Kim Sillito-Beale,<\/strong> Iso-Britannia<br>Keskikokoiset villakoirat<strong>&nbsp;Brett Hamilton<\/strong>, Ruotsi<br>K\u00e4\u00e4pi\u00f6villakoirat <strong>Arturo Sheppard<\/strong>, Iso-Britannia<br>Toyvillakoirat <strong>Kim Sillito-Beale,<\/strong> Iso-Britannia<\/p>\n\n\n\n<p>Junior Handler<strong>\u00a0<strong>Brett Hamilton<\/strong>, <\/strong>Ruotsi<\/p>\n\n\n\n<p><strong><mark style=\"background-color:rgba(0, 0, 0, 0);color:#d7bf97\" class=\"has-inline-color\">Ryhm\u00e4kilpailut:<\/mark><\/strong><br>BIS-pentu&nbsp;<strong>Brett Hamilton<\/strong>, Ruotsi<br>BIS-juniori&nbsp;<strong>Brett Hamilton<\/strong>, Ruotsi<br>BIS-veteraani&nbsp;<strong>Kim Sillito-Beale,<\/strong> Iso-Britannia<br>BIS-kasvattajaluokka&nbsp;<strong>Arturo Sheppard<\/strong>, Iso-Britannia<br>BIS-j\u00e4lkel\u00e4isluokka&nbsp;<strong>Arturo Sheppard<\/strong>, Iso-Britannia<br>Best in show&nbsp;<strong>Kim Sillito-Beale,<\/strong> Iso-Britannia<\/p>\n","protected":false},"excerpt":{"rendered":"<p>Isovillakoirat Kim Sillito-Beale, Iso-BritanniaKeskikokoiset villakoirat&nbsp;Brett Hamilton, RuotsiK\u00e4\u00e4pi\u00f6villakoirat Arturo Sheppard, Iso-BritanniaToyvillakoirat Kim Sillito-Beale, Iso-Britannia Junior Handler\u00a0Brett Hamilton, Ruotsi Ryhm\u00e4kilpailut:BIS-pentu&nbsp;Brett Hamilton, RuotsiBIS-juniori&nbsp;Brett Hamilton, RuotsiBIS-veteraani&nbsp;Kim Sillito-Beale, Iso-BritanniaBIS-kasvattajaluokka&nbsp;Arturo Sheppard, Iso-BritanniaBIS-j\u00e4lkel\u00e4isluokka&nbsp;Arturo Sheppard, Iso-BritanniaBest in show&nbsp;Kim Sillito-Beale, Iso-Britannia<\/p>\n","protected":false},"author":1,"featured_media":0,"parent":0,"menu_order":2,"comment_status":"closed","ping_status":"closed","template":"","meta":{"footnotes":""},"class_list":["post-8","page","type-page","status-publish","h-entry","hentry","h-as-page"],"_links":{"self":[{"href":"https:\/\/www.showlink.fi\/shows\/villakoiraer2026\/wp-json\/wp\/v2\/pages\/8","targetHints":{"allow":["GET"]}}],"collection":[{"href":"https:\/\/www.showlink.fi\/shows\/villakoiraer2026\/wp-json\/wp\/v2\/pages"}],"about":[{"href":"https:\/\/www.showlink.fi\/shows\/villakoiraer2026\/wp-json\/wp\/v2\/types\/page"}],"author":[{"embeddable":true,"href":"https:\/\/www.showlink.fi\/shows\/villakoiraer2026\/wp-json\/wp\/v2\/users\/1"}],"replies":[{"embeddable":true,"href":"https:\/\/www.showlink.fi\/shows\/villakoiraer2026\/wp-json\/wp\/v2\/comments?post=8"}],"version-history":[{"count":15,"href":"https:\/\/www.showlink.fi\/shows\/villakoiraer2026\/wp-json\/wp\/v2\/pages\/8\/revisions"}],"predecessor-version":[{"id":225,"href":"https:\/\/www.showlink.fi\/shows\/villakoiraer2026\/wp-json\/wp\/v2\/pages\/8\/revisions\/225"}],"wp:attachment":[{"href":"https:\/\/www.showlink.fi\/shows\/villakoiraer2026\/wp-json\/wp\/v2\/media?parent=8"}],"curies":[{"name":"wp","href":"https:\/\/api.w.org\/{rel}","templated":true}]}}