{"id":10,"date":"2018-06-13T13:40:56","date_gmt":"2018-06-13T10:40:56","guid":{"rendered":"http:\/\/www.showlink.fi\/shows\/hyvinkaa2018\/?page_id=10"},"modified":"2025-05-07T14:05:42","modified_gmt":"2025-05-07T11:05:42","slug":"tuomarit","status":"publish","type":"page","link":"https:\/\/www.showlink.fi\/shows\/wirmodogshow2025\/tuomarit\/","title":{"rendered":"Tuomarit"},"content":{"rendered":"\n<p><strong>Kristin Kerem<\/strong> on estynyt tulemaan n\u00e4yttelyyn, h\u00e4nen rotunsa arvostelee lauantaina Jarmo Hilpinen ja sunnuntaina Jari Partanen ja Tanya Ahlman-Stockmari<\/p>\n\n\n\n<p><strong>Lauantaina 24.5. arvostellaan FCI:n ryhm\u00e4t 1, 4, 8, 9, 10<\/strong><br><strong>Sunnuntaina 25.5. arvostellaan FCI:n ryhm\u00e4t 2, 3, 5, 6, 7<\/strong><br><br><strong>Ryhm\u00e4 1<\/strong><br>ardennienkarjakoira, australian t\u00f6p\u00f6h\u00e4nt\u00e4inen karjakoira, australiankarjakoira, australiankelpie, beaucenpaimenkoira, belgianpaimenkoirat, bergamonpaimenkoira, bouvier, brienpaimenkoira, ceskoslovensky vlciak, etel\u00e4ven\u00e4j\u00e4nkoira, hollanninpaimenkoirat, it\u00e4euroopanpaimenkoira, karpaattienkoira, katalonianpaimenkoira, komondor, kroatianpaimenkoira, kuvasz, lancashirenkarjakoira, mallorcanpaimenkoira, maremmano-abruzzese, medimurjenkoira, mudi, owczarek podhalanski, picardienpaimenkoira, polski owczarek nizinny, pyreneittenpaimenkoirat, romanianpaimenkoira, saarlooswolfhond, saksanpaimenkoirat, tsekinpaimenkoira, valkoinenpaimenkoira, vanhaenglanninlammaskoira, welsh corgit <strong>Brigita Kremser<\/strong>, Slovenia<br>partacollie, pulit, pumi, schipperke, serra de airesinpaimenkoira, slovakiancuvac <strong>Jari Partanen<\/strong>, Norja<br>australianpaimenkoira, bordercollie, pieniamerikanpaimenkoira, pitk\u00e4karvainen collie, schapendoes, shetlanninlammaskoira, sile\u00e4karvainen collie <strong>Robert Kotlar<\/strong>, Unkari<br><br><strong>Ryhm\u00e4 4<\/strong><br>kaikki rodut <strong>Jarmo Hilpinen<\/strong><br><br><strong>Ryhm\u00e4 8<\/strong><br>amerikanvesispanieli, chesapeakelahdennoutaja, clumberinspanieli, englanninspringerspanieli, espanjanvesikoira, fieldspanieli, friisinvesikoira, irlanninvesispanieli, kooikerhondje, kultainennoutaja, portugalinvesikoira, puolanmets\u00e4stysspanieli, sile\u00e4karvainen noutaja, sussexinspanieli, walesinspringerspanieli, ven\u00e4j\u00e4nspanieli, viiri\u00e4iskoira <strong>Arto Toivanen<\/strong><br>amerikancockerspanieli, barbet, cockerspanieli, kiharakarvainen noutaja, labradorinnoutaja, lagotto romagnolo, novascotiannoutaja <strong>Jari Partanen<\/strong>, Norja<br><br><strong>Ryhm\u00e4 9<\/strong><br>lhasa apso, maltankoira <strong>Brigita Kremser<\/strong>, Slovenia<br>prahanrottakoira, ven\u00e4j\u00e4ntoyt <strong>Jari Partanen<\/strong>, Norja<br>villakoirat <strong>Jarmo Hilpinen<\/strong><br>bolognese, bostoninterrieri, cavalier kingcharlesinspanieli, griffon belge, griffon bruxellois, havannankoira, japanese chin, kingcharlesinspanieli, l\u00f6wchen, papillon, petit brabancon, phal\u00e8ne, shih tzu <strong>Julia Hierner<\/strong>, Ruotsi<br>bichon fris\u00e9, chihuahuat, mopsi, ranskanbulldoggi, tiibetinspanieli, tiibetinterrieri <strong>Kristin Kerem<\/strong>, Viro<br>coton de tul\u00e9ar, kiinanpalatsikoira, kromfohrl\u00e4nder, markiesje, ven\u00e4j\u00e4nbolonka <strong>Robert Kotlar<\/strong>, Unkari<br>kiinanharjakoira <strong>Zaco Sonne Futtrup<\/strong>, Tanska<br><br><strong>Ryhm\u00e4 10<\/strong><br>kaikki rodut <strong>Tanya Ahlman-Stockmari<\/strong><br><br><strong>Ryhm\u00e4kilpailut<\/strong> <strong>LA<\/strong><br>1<strong> Brigita Kremser<\/strong><br>4<strong> Jarmo Hilpinen<\/strong><br>8<strong> Arto Toivanen<\/strong><br>9<strong> Robert Kotlar<\/strong><br>10<strong> Tanya Ahlman-Stockmari<\/strong><br>Paras juniori <strong>Robert Kotlar<\/strong><br>Paras veteraani <strong>Brigita Kremser<\/strong><br>Paras kasvattajaryhm\u00e4 <strong>Tanya Ahlman-Stockmari<\/strong><br><br><br><strong>Ryhm\u00e4 2<\/strong><br>ciob\u0103nesc rom\u00e2nesc corb, hovawart, k\u00e4\u00e4pi\u00f6snautserit, landseer, rottweiler, ven\u00e4j\u00e4nmustaterrieri <strong>Jarmo Hilpinen<\/strong><br>apinapinseri, appenzellinpaimenkoira, berninpaimenkoira, entlebuchinpaimenkoira, isosveitsinpaimenkoira, k\u00e4\u00e4pi\u00f6pinseri, leonberginkoira, newfoundlandinkoira, pinseri, snautserit, tanskalais-ruotsalainen pihakoira, tiibetinmastiffi <strong>Julia Hierner<\/strong>, Ruotsi<br>aidi, alentejonkoira, bernhardinkoirat, bokseri, bordeauxindoggi, broholminkoira, bukovinankoira, bullmastiffi, cane corso, castro laboreironkoira, continental bulldog, dobermanni, dogo argentino, englanninbulldoggi, espanjanmastiffi, estrelanvuoristokoirat, fila brasileiro, hollanninrottakoira, it\u00e4vallanpinseri, kanariandoggi, kangalinkoira, karstinpaimenkoira, kaukasiankoira, keskiaasiankoira, mallorcandoggi, mastiffi, napolinmastiffi, pyreneittenkoira, pyreneittenmastiffi, sao miguelinfila, sarplaninac, shar pei, suursnautserit, tanskandoggit, tornjak, tosa, transmontano mastiff, uruguayncimarron <strong>Kristin Kerem<\/strong>, Viro<br><br><strong>Ryhm\u00e4 3<\/strong><br>airedalenterrieri, amerikankarvatonterrieri, bedlingtoninterrieri, brasilianterrieri, bullterrieri, cairnterrieri, dandiedinmontinterrieri, englannink\u00e4\u00e4pi\u00f6terrieri, glen of imaalinterrieri, irlanninterrieri, karkeakarvainen kettuterrieri, kerrynterrieri, k\u00e4\u00e4pi\u00f6bullterrieri, manchesterinterrieri, saksanmets\u00e4stysterrieri, sile\u00e4karvainen kettuterrieri, silkkiterrieri, skotlanninterrieri, skyenterrieri, vehn\u00e4terrieri, yorkshirenterrieri <strong>Brigita Kremser<\/strong>, Slovenia<br>amerikanstaffordshirenterrieri, jackrussellinterrieri, parsonrussellinterrieri, staffordshirenbullterrieri <strong>Robert Kotlar<\/strong>, Unkari<br>amerikank\u00e4\u00e4pi\u00f6kettuterrieri, amerikanrottaterrieri, andalusianrottakoira, australianterrieri, biewerterrieri, borderterrieri, ceskyterrieri, japaninterrieri, lakelandinterrieri, norfolkinterrieri, norwichinterrieri, sealyhaminterrieri, tenterfieldinterrieri, valencianrottaterrieri, walesinterrieri, valkoinen l\u00e4nsiyl\u00e4maanterrieri <strong>Sophie Aspholm<\/strong><br><br><strong>Ryhm\u00e4 5<\/strong><br>alaskanmalamuutti, american eskimo dog, buhund, chow chow, etnankoira, faaraokoira, grosspitzit, gr\u00f6nlanninkoira, hokkaidonkoira, h\u00e4lleforsinkoira, ibizanpodencot, islanninlammaskoira, japaninpystykorva, kaanaankoira, kainkoira, kanadaneskimokoira, kanarianpodenco, kintamani-balinkoira, kishunkoira, koreanjindonkoira, lunnikoira, portugalinpodengot, shikokunkoira, suomenlapinkoira, taiwaninkoira, thaimaanpystykorva <strong>Jari Partanen<\/strong>, Norja<br>akita, amerikanakita, basenji, harmaa norjanhirvikoira, it\u00e4siperianlaika, jakutianlaika, j\u00e4mtlanninpystykorva, karjalankarhukoira, lapinporokoira, l\u00e4nsig\u00f6\u00f6tanmaanpystykorva, l\u00e4nsisiperianlaika, musta norjanhirvikoira, pohjanpystykorva, ruotsinlapinkoira, samojedinkoira, siperianhusky, suomenpystykorva, valkoinen ruotsinhirvikoira, ven\u00e4l\u00e4is-eurooppalainen laika <strong>Tanya Ahlman-Stockmari<\/strong><br>eurasier, keeshond, kleinspitzit, meksikonkarvatonkoirat, mittelspitzit, musta tanskanpystykorva, perunkarvatonkoirat, pomeranian, shiba, tanskanpystykorva, thai ridgeback, volpino italiano <strong>Zaco Sonne Futtrup<\/strong>, Tanska<br><br><strong>Ryhm\u00e4 6<\/strong><br>amerikankettukoira, basset hound, bretagnenbassetti, dreeveri, englanninkettukoira, englantilais-ven\u00e4l\u00e4inen ajokoira, griffon bleu de gascogne, petit basset griffon vend\u00e9en, pieniberninajokoira, pienijuranajokoira, pieniluzerninajokoira, pienischwyzinajokoira, plottinajokoira, rhodesiankoira, saukkokoira <strong>Jari Partanen<\/strong>, Norja<br>muut <strong>Jarmo Hilpinen<\/strong><br><br><strong>Ryhm\u00e4 7<\/strong><br>italianseisoja <strong>Jarmo Hilpinen<\/strong><br>harjaskarvainen saksanseisoja, karkeakarvainen saksanseisoja, lyhytkarvainen saksanseisoja <strong>Robert Kotlar<\/strong>, Unkari<br>muut <strong>Sophie Aspholm<br><\/strong><br>Junior Handler <strong>Arto Toivanen<\/strong><br><br><strong>Ryhm\u00e4kilpailut SU<\/strong><br>2<strong> Kristin Kerem<\/strong><br>3<strong> Brigita Kremser<\/strong><br>5<strong> Tanya Ahlman-Stockmari<\/strong><br>6<strong> Jarmo Hilpinen<\/strong><br>7<strong> Sophie Aspholm<\/strong><br>Paras juniori <strong>Brigita Kremser<\/strong><br>Paras veteraani <strong>Robert Kotlar<\/strong><br>Paras kasvattajaryhm\u00e4 <strong>Tanya Ahlman-Stockmari<\/strong><br>Best in Show<strong> Jari Partanen<br><br><\/strong><\/p>\n","protected":false},"excerpt":{"rendered":"<p>Kristin Kerem on estynyt tulemaan n\u00e4yttelyyn, h\u00e4nen rotunsa arvostelee lauantaina Jarmo Hilpinen ja sunnuntaina Jari Partanen ja Tanya Ahlman-Stockmari Lauantaina 24.5. arvostellaan FCI:n ryhm\u00e4t 1, 4, 8, 9, 10Sunnuntaina 25.5. arvostellaan FCI:n ryhm\u00e4t 2, 3, 5, 6, 7 Ryhm\u00e4 1ardennienkarjakoira, australian t\u00f6p\u00f6h\u00e4nt\u00e4inen karjakoira, australiankarjakoira, australiankelpie, beaucenpaimenkoira, belgianpaimenkoirat, bergamonpaimenkoira, bouvier, brienpaimenkoira, ceskoslovensky vlciak, etel\u00e4ven\u00e4j\u00e4nkoira, hollanninpaimenkoirat, it\u00e4euroopanpaimenkoira, <a href=\"https:\/\/www.showlink.fi\/shows\/wirmodogshow2025\/tuomarit\/\" class=\"more-link\">...jatka lukemista<span class=\"screen-reader-text\"> \"Tuomarit\"<\/span><\/a><\/p>\n","protected":false},"author":1,"featured_media":0,"parent":0,"menu_order":4,"comment_status":"closed","ping_status":"closed","template":"","meta":{"footnotes":""},"class_list":["post-10","page","type-page","status-publish","h-entry","hentry","h-as-page"],"_links":{"self":[{"href":"https:\/\/www.showlink.fi\/shows\/wirmodogshow2025\/wp-json\/wp\/v2\/pages\/10","targetHints":{"allow":["GET"]}}],"collection":[{"href":"https:\/\/www.showlink.fi\/shows\/wirmodogshow2025\/wp-json\/wp\/v2\/pages"}],"about":[{"href":"https:\/\/www.showlink.fi\/shows\/wirmodogshow2025\/wp-json\/wp\/v2\/types\/page"}],"author":[{"embeddable":true,"href":"https:\/\/www.showlink.fi\/shows\/wirmodogshow2025\/wp-json\/wp\/v2\/users\/1"}],"replies":[{"embeddable":true,"href":"https:\/\/www.showlink.fi\/shows\/wirmodogshow2025\/wp-json\/wp\/v2\/comments?post=10"}],"version-history":[{"count":10,"href":"https:\/\/www.showlink.fi\/shows\/wirmodogshow2025\/wp-json\/wp\/v2\/pages\/10\/revisions"}],"predecessor-version":[{"id":250,"href":"https:\/\/www.showlink.fi\/shows\/wirmodogshow2025\/wp-json\/wp\/v2\/pages\/10\/revisions\/250"}],"wp:attachment":[{"href":"https:\/\/www.showlink.fi\/shows\/wirmodogshow2025\/wp-json\/wp\/v2\/media?parent=10"}],"curies":[{"name":"wp","href":"https:\/\/api.w.org\/{rel}","templated":true}]}}