{"id":12,"date":"2018-06-13T13:41:11","date_gmt":"2018-06-13T10:41:11","guid":{"rendered":"http:\/\/www.showlink.fi\/shows\/hyvinkaa2018\/?page_id=12"},"modified":"2025-01-24T15:17:26","modified_gmt":"2025-01-24T13:17:26","slug":"ilmoittautuminen","status":"publish","type":"page","link":"https:\/\/www.showlink.fi\/shows\/wirmodogshow2025\/ilmoittautuminen\/","title":{"rendered":"Ilmoittautuminen"},"content":{"rendered":"\n<p class=\"has-black-color has-text-color has-link-color wp-elements-3bb445e27edb193b51c519456ea39c5f\">Ilmoittautumiset tulee suorittaa viimeist\u00e4\u00e4n <strong>4.4. \/ 25.4. \/ 29.4.<mark style=\"background-color:rgba(0, 0, 0, 0)\" class=\"has-inline-color has-vivid-red-color\"> <\/mark><\/strong>menness\u00e4.<br><em>HUOM! 26.-29.4. ilmoittautuminen mahdollista vain netiss\u00e4.<\/em><\/p>\n\n\n\n<p><strong>Ilmoittautuminen n\u00e4yttelyyn tulee tehd\u00e4 joko postitse tai internetiss\u00e4.&nbsp;<\/strong>Ilmoittaessaan koiransa n\u00e4yttelyn n\u00e4ytteilleasettaja sitoutuu noudattamaan Suomen Kennelliiton voimassa olevia n\u00e4yttelys\u00e4\u00e4nt\u00f6j\u00e4 ja niit\u00e4 t\u00e4ydent\u00e4vi\u00e4 ohjeita sek\u00e4 rokotusm\u00e4\u00e4r\u00e4yksi\u00e4. S\u00e4\u00e4nn\u00f6t l\u00f6ytyv\u00e4t&nbsp;<a href=\"https:\/\/www.kennelliitto.fi\/koiraharrastukset\/koiranayttelyt\/ohjeita-ja-lomakkeita-nayttelyyn-osallistujille-ja-nayttelyn-jarjestajille\"><strong>Kennelliiton kotisivuilta.<\/strong><\/a><\/p>\n\n\n\n<p><strong>Online-ilmoittautuminen<\/strong>&nbsp;osoitteessa&nbsp;<a href=\"http:\/\/www.showlink.fi\/\">www.showlink.fi<\/a>&nbsp;\u2192<strong>&nbsp;<\/strong><a href=\"http:\/\/ilmoittautuminen.kennelliitto.fi\/\"><strong>ILMOITTAUDU N\u00c4YTTELYYN<\/strong><\/a><\/p>\n\n\n\n<p>Online-ilmoittautumisesta tulee aina vahvistus s\u00e4hk\u00f6postiisi. Jollet saa vahvistusta noin tunnin sis\u00e4ll\u00e4, ota v\u00e4litt\u00f6m\u00e4sti yhteytt\u00e4 asiakaspalveluumme. Tarkasta ilmoittautumisesta koirasi tiedot ja kilpailuluokka.&nbsp; Netti-ilmoittautuminen maksetaan verkkopankilla tai luottokortilla ilmoittautumisen yhteydess\u00e4. S\u00e4\u00e4st\u00e4 saamasi ilmoittautumisvahvistus n\u00e4yttelyp\u00e4iv\u00e4\u00e4n asti.<\/p>\n\n\n\n<p class=\"has-white-color has-text-color has-background has-link-color wp-elements-1ee74de0b7f50cd0284119491594a660\" style=\"background-color:#f66a2d\"><strong>Numerolaput toimitetaan n\u00e4ytteilleasettajille vain s\u00e4hk\u00f6isesti.<\/strong><\/p>\n\n\n\n<p><strong><em>Tai<\/em><\/strong><em>&nbsp;postitse&nbsp;<\/em><strong><a href=\"https:\/\/www.kennelliitto.fi\/lomakkeet\/ilmoittautumislomake-nayttelyyn-0\">Kennelliiton ilmoittautumislomakkeella,<\/a>&nbsp;<\/strong>kopio maksukuitista mukaan liitettyn\u00e4, osoitteella:<\/p>\n\n\n\n<p>Myn\u00e4m\u00e4ki KR 24.-25.5.2025<br>PL 50<br>02771 Espoo<\/p>\n\n\n\n<p><strong>Kirjeen\u00e4 l\u00e4hetett\u00e4vien ilmoittautumisten maksut tulee suorittaa tilille<\/strong><br><strong>IBAN&nbsp;<\/strong>FI40 5280 0020 1193 01<br><strong>BIC <\/strong>OKOYFIHH <br><strong>Saaja <\/strong>WirmoKR ry.<\/p>\n\n\n\n<h3 class=\"wp-block-heading\">Ilmoittautumismaksut<\/h3>\n\n\n\n<p><strong>Ilmoittautuminen 4.4. menness\u00e4<\/strong><br><strong>38 \u20ac <\/strong>\/ koira<strong><br><\/strong>pennut ja veteraanit&nbsp;<strong>32 \u20ac<\/strong><br>veteraanit yli 10 v. ilmaiseksi veteraaniluokkaan ilmoitettuna<br>Junior Handler <strong>10 \u20ac<\/strong> (vain sunnuntaina)<\/p>\n\n\n\n<p><strong>Ilmoittautuminen 5.-25.4. v\u00e4lisen\u00e4 aikana<\/strong><br><strong>44 \u20ac<\/strong> \/ koira<strong><br><\/strong>pennut ja veteraanit&nbsp;<strong>37 \u20ac<\/strong><br>veteraanit yli 10 v. ilmaiseksi veteraaniluokkaan ilmoitettuna<br>Junior Handler <strong>10 \u20ac<\/strong> (vain sunnuntaina)<\/p>\n\n\n\n<p><strong>Ilmoittautuminen 26.-29.4. v\u00e4lisen\u00e4 aikana<\/strong> <em>(ilmoittautuminen vain netiss\u00e4)<\/em><br>kaikki luokat<strong> 55 \u20ac<\/strong><br>paitsi veteraanit yli 10 v. ilmaiseksi veteraaniluokkaan ilmoitettuna<br>Junior Handler <strong>10 \u20ac<\/strong> (vain sunnuntaina)<\/p>\n\n\n\n<p><strong>Lis\u00e4tietoa<\/strong><\/p>\n\n\n\n<p>K\u00e4ytt\u00f6- ja valioluokkaan ilmoitettaessa Kennelliitossa rekister\u00f6idyilt\u00e4 koirilta ei vaadita todistusta n\u00e4ihin luokkiin vaadittavista tuloksista. Muiden maiden rekisteriss\u00e4 olevilla koirilla on oltava valionarvotodistus ja\/tai k\u00e4ytt\u00f6luokkatodistus ilmoittautumisen liitteen\u00e4.<\/p>\n\n\n\n<p>Ilmoittautumisajan p\u00e4\u00e4ttymisen j\u00e4lkeen koiraa ei voida siirt\u00e4\u00e4 toiseen luokkaan (ellei kysymyksess\u00e4 ole j\u00e4rjest\u00e4j\u00e4st\u00e4 johtuva virhe).<br>Uros, jolla ei ole normaalit kivekset saa hyl\u00e4tyn.<\/p>\n\n\n\n<p><strong>Ilmoittautumisia ja kasvattajaryhmi\u00e4 koskevat tiedustelut<\/strong><br>Showlink Oy arkisin klo 11-17 puh. 09 887 30320 tai e-mail: info@showlink.fi<br><em>Mainitsethan tiedustelussasi \/ s\u00e4hk\u00f6postissasi n\u00e4yttelyn nimen sek\u00e4 koiran rekisterinumeron, jota tiedustelu koskee. Jollet saa ilmoittautumisestasi vahvistusta s\u00e4hk\u00f6postiisi, ota v\u00e4litt\u00f6m\u00e4sti yhteytt\u00e4 asiakaspalveluumme. Tarkasta ilmoittautumisesta koirasi tiedot ja kilpailuluokka.<\/em><\/p>\n\n\n\n<p><strong>Rokotusm\u00e4\u00e4r\u00e4ykset <\/strong>Suomen Kennelliitto-Finska Kennelklubben ry:n m\u00e4\u00e4r\u00e4ysten mukaan.<br>Suomen lain vastaisesti typistetyt koirat eiv\u00e4t saa osallistua n\u00e4yttelyyn.<br>Tunnistusmerkint\u00e4 on pakollinen Kennelliiton virallisissa n\u00e4yttelyiss\u00e4, kokeissa ja kilpailuissa.<\/p>\n\n\n\n<p><strong>Antidoping \u2013valvonta<\/strong><br>Dopingvalvonta koskee kaikkia Suomen Kennelliiton my\u00f6nt\u00e4mi\u00e4 n\u00e4yttelyit\u00e4, kilpailuja ja kokeita. Ajankohtaisinta tietoa osoitteessa <a href=\"https:\/\/www.kennelliitto.fi\/koiraharrastukset\/tietoa-antidopingsaannoista-kaytanteista-ja-valvonnasta\">KENNELLIITTO \/ ANTIDOPING<\/a><\/p>\n","protected":false},"excerpt":{"rendered":"<p>Ilmoittautumiset tulee suorittaa viimeist\u00e4\u00e4n 4.4. \/ 25.4. \/ 29.4. menness\u00e4.HUOM! 26.-29.4. ilmoittautuminen mahdollista vain netiss\u00e4. Ilmoittautuminen n\u00e4yttelyyn tulee tehd\u00e4 joko postitse tai internetiss\u00e4.&nbsp;Ilmoittaessaan koiransa n\u00e4yttelyn n\u00e4ytteilleasettaja sitoutuu noudattamaan Suomen Kennelliiton voimassa olevia n\u00e4yttelys\u00e4\u00e4nt\u00f6j\u00e4 ja niit\u00e4 t\u00e4ydent\u00e4vi\u00e4 ohjeita sek\u00e4 rokotusm\u00e4\u00e4r\u00e4yksi\u00e4. S\u00e4\u00e4nn\u00f6t l\u00f6ytyv\u00e4t&nbsp;Kennelliiton kotisivuilta. Online-ilmoittautuminen&nbsp;osoitteessa&nbsp;www.showlink.fi&nbsp;\u2192&nbsp;ILMOITTAUDU N\u00c4YTTELYYN Online-ilmoittautumisesta tulee aina vahvistus s\u00e4hk\u00f6postiisi. Jollet saa vahvistusta noin tunnin sis\u00e4ll\u00e4, <a href=\"https:\/\/www.showlink.fi\/shows\/wirmodogshow2025\/ilmoittautuminen\/\" class=\"more-link\">...jatka lukemista<span class=\"screen-reader-text\"> \"Ilmoittautuminen\"<\/span><\/a><\/p>\n","protected":false},"author":1,"featured_media":0,"parent":0,"menu_order":2,"comment_status":"closed","ping_status":"closed","template":"","meta":{"footnotes":""},"class_list":["post-12","page","type-page","status-publish","h-entry","hentry","h-as-page"],"_links":{"self":[{"href":"https:\/\/www.showlink.fi\/shows\/wirmodogshow2025\/wp-json\/wp\/v2\/pages\/12","targetHints":{"allow":["GET"]}}],"collection":[{"href":"https:\/\/www.showlink.fi\/shows\/wirmodogshow2025\/wp-json\/wp\/v2\/pages"}],"about":[{"href":"https:\/\/www.showlink.fi\/shows\/wirmodogshow2025\/wp-json\/wp\/v2\/types\/page"}],"author":[{"embeddable":true,"href":"https:\/\/www.showlink.fi\/shows\/wirmodogshow2025\/wp-json\/wp\/v2\/users\/1"}],"replies":[{"embeddable":true,"href":"https:\/\/www.showlink.fi\/shows\/wirmodogshow2025\/wp-json\/wp\/v2\/comments?post=12"}],"version-history":[{"count":28,"href":"https:\/\/www.showlink.fi\/shows\/wirmodogshow2025\/wp-json\/wp\/v2\/pages\/12\/revisions"}],"predecessor-version":[{"id":227,"href":"https:\/\/www.showlink.fi\/shows\/wirmodogshow2025\/wp-json\/wp\/v2\/pages\/12\/revisions\/227"}],"wp:attachment":[{"href":"https:\/\/www.showlink.fi\/shows\/wirmodogshow2025\/wp-json\/wp\/v2\/media?parent=12"}],"curies":[{"name":"wp","href":"https:\/\/api.w.org\/{rel}","templated":true}]}}