{"id":6,"date":"2018-06-13T13:40:23","date_gmt":"2018-06-13T10:40:23","guid":{"rendered":"http:\/\/www.showlink.fi\/shows\/hyvinkaa2018\/?page_id=6"},"modified":"2025-05-21T11:08:36","modified_gmt":"2025-05-21T08:08:36","slug":"aikataulut","status":"publish","type":"page","link":"https:\/\/www.showlink.fi\/shows\/wirmodogshow2025\/aikataulut\/","title":{"rendered":"Aikataulut"},"content":{"rendered":"\n<p>Numerolappu ja aikataulukirje toimitetaan n\u00e4ytteilleasettajille ainoastaan s\u00e4hk\u00f6isesti. N\u00e4yttelypostia ei l\u00e4hetet\u00e4 postitse.<\/p>\n\n\n\n<p class=\"has-white-color has-vivid-red-background-color has-text-color has-background has-link-color wp-elements-d2ce8860baa1e1c5813de1c9d2b1a385\">P\u00c4IVITYS 21.5.2025 <strong>Jarmo Hilpinen<\/strong> ei valitettavasti p\u00e4\u00e4se n\u00e4yttelyymme arvostelemaan. Muutokset on merkitty punaisella <a href=\"https:\/\/www.showlink.fi\/aikataulut2025\/MynamakiKR2025_aikataulukirje.pdf\">aikataulukirjeeseen<\/a>. <\/p>\n\n\n\n<p><a href=\"https:\/\/www.showlink.fi\/aikataulut2025\/MynamakiKR2025_aikataulukirje.pdf\"><strong>Aikataulukirje \/ Schedule letter PDF<\/strong><\/a><\/p>\n\n\n\n<p class=\"has-white-color has-vivid-red-background-color has-text-color has-background has-link-color wp-elements-82dd1c09d5b88fc6bf61a270edb2ef54\">UPDATE 21.5.2025 Jarmo Hilpinen is not able to judge at our show. Changes are marked with red in the <a href=\"https:\/\/www.showlink.fi\/aikataulut2025\/MynamakiKR2025_aikataulukirje.pdf\">schedules<\/a>.<\/p>\n\n\n<div class=\"wp-block-image\">\n<figure class=\"aligncenter size-full\"><img loading=\"lazy\" decoding=\"async\" width=\"1754\" height=\"1240\" src=\"https:\/\/www.showlink.fi\/shows\/wirmodogshow2025\/wp-content\/uploads\/sites\/75\/2025\/05\/Aluekartta-aikataulukirjeeseen.jpg\" alt=\"\" class=\"wp-image-251\"\/><\/figure>\n<\/div>\n\n\n<h3 class=\"wp-block-heading\"><\/h3>\n","protected":false},"excerpt":{"rendered":"<p>Numerolappu ja aikataulukirje toimitetaan n\u00e4ytteilleasettajille ainoastaan s\u00e4hk\u00f6isesti. N\u00e4yttelypostia ei l\u00e4hetet\u00e4 postitse. P\u00c4IVITYS 21.5.2025 Jarmo Hilpinen ei valitettavasti p\u00e4\u00e4se n\u00e4yttelyymme arvostelemaan. Muutokset on merkitty punaisella aikataulukirjeeseen. Aikataulukirje \/ Schedule letter PDF UPDATE 21.5.2025 Jarmo Hilpinen is not able to judge at our show. Changes are marked with red in the schedules.<\/p>\n","protected":false},"author":1,"featured_media":0,"parent":0,"menu_order":6,"comment_status":"closed","ping_status":"closed","template":"","meta":{"footnotes":""},"class_list":["post-6","page","type-page","status-publish","h-entry","hentry","h-as-page"],"_links":{"self":[{"href":"https:\/\/www.showlink.fi\/shows\/wirmodogshow2025\/wp-json\/wp\/v2\/pages\/6","targetHints":{"allow":["GET"]}}],"collection":[{"href":"https:\/\/www.showlink.fi\/shows\/wirmodogshow2025\/wp-json\/wp\/v2\/pages"}],"about":[{"href":"https:\/\/www.showlink.fi\/shows\/wirmodogshow2025\/wp-json\/wp\/v2\/types\/page"}],"author":[{"embeddable":true,"href":"https:\/\/www.showlink.fi\/shows\/wirmodogshow2025\/wp-json\/wp\/v2\/users\/1"}],"replies":[{"embeddable":true,"href":"https:\/\/www.showlink.fi\/shows\/wirmodogshow2025\/wp-json\/wp\/v2\/comments?post=6"}],"version-history":[{"count":42,"href":"https:\/\/www.showlink.fi\/shows\/wirmodogshow2025\/wp-json\/wp\/v2\/pages\/6\/revisions"}],"predecessor-version":[{"id":268,"href":"https:\/\/www.showlink.fi\/shows\/wirmodogshow2025\/wp-json\/wp\/v2\/pages\/6\/revisions\/268"}],"wp:attachment":[{"href":"https:\/\/www.showlink.fi\/shows\/wirmodogshow2025\/wp-json\/wp\/v2\/media?parent=6"}],"curies":[{"name":"wp","href":"https:\/\/api.w.org\/{rel}","templated":true}]}}