{"id":8,"date":"2018-06-13T13:40:39","date_gmt":"2018-06-13T10:40:39","guid":{"rendered":"http:\/\/www.showlink.fi\/shows\/hyvinkaa2018\/?page_id=8"},"modified":"2025-05-20T15:12:29","modified_gmt":"2025-05-20T12:12:29","slug":"tulokset","status":"publish","type":"page","link":"https:\/\/www.showlink.fi\/shows\/wirmodogshow2025\/tulokset\/","title":{"rendered":"Tulokset"},"content":{"rendered":"\n<p><strong>Lauantaina 24.5. arvostellaan FCI:n ryhm\u00e4t 1, 4, 8, 9, 10<\/strong><br><strong>Sunnuntaina 25.5. arvostellaan FCI:n ryhm\u00e4t 2, 3, 5, 6, 7<\/strong><\/p>\n\n\n\n<p>N\u00e4yttelyss\u00e4 on reaaliaikainen tulospalvelu. <\/p>\n\n\n\n<p><a href=\"https:\/\/tulospalvelu.kennelliitto.fi\/nayttelyt\/frmTuloksetRyhma.aspx?N=13383&amp;Lang=FIN\">Tuloksiin p\u00e4\u00e4set t\u00e4st\u00e4<\/a><\/p>\n","protected":false},"excerpt":{"rendered":"<p>Lauantaina 24.5. arvostellaan FCI:n ryhm\u00e4t 1, 4, 8, 9, 10Sunnuntaina 25.5. arvostellaan FCI:n ryhm\u00e4t 2, 3, 5, 6, 7 N\u00e4yttelyss\u00e4 on reaaliaikainen tulospalvelu. Tuloksiin p\u00e4\u00e4set t\u00e4st\u00e4<\/p>\n","protected":false},"author":1,"featured_media":0,"parent":0,"menu_order":8,"comment_status":"closed","ping_status":"closed","template":"","meta":{"footnotes":""},"class_list":["post-8","page","type-page","status-publish","h-entry","hentry","h-as-page"],"_links":{"self":[{"href":"https:\/\/www.showlink.fi\/shows\/wirmodogshow2025\/wp-json\/wp\/v2\/pages\/8","targetHints":{"allow":["GET"]}}],"collection":[{"href":"https:\/\/www.showlink.fi\/shows\/wirmodogshow2025\/wp-json\/wp\/v2\/pages"}],"about":[{"href":"https:\/\/www.showlink.fi\/shows\/wirmodogshow2025\/wp-json\/wp\/v2\/types\/page"}],"author":[{"embeddable":true,"href":"https:\/\/www.showlink.fi\/shows\/wirmodogshow2025\/wp-json\/wp\/v2\/users\/1"}],"replies":[{"embeddable":true,"href":"https:\/\/www.showlink.fi\/shows\/wirmodogshow2025\/wp-json\/wp\/v2\/comments?post=8"}],"version-history":[{"count":14,"href":"https:\/\/www.showlink.fi\/shows\/wirmodogshow2025\/wp-json\/wp\/v2\/pages\/8\/revisions"}],"predecessor-version":[{"id":260,"href":"https:\/\/www.showlink.fi\/shows\/wirmodogshow2025\/wp-json\/wp\/v2\/pages\/8\/revisions\/260"}],"wp:attachment":[{"href":"https:\/\/www.showlink.fi\/shows\/wirmodogshow2025\/wp-json\/wp\/v2\/media?parent=8"}],"curies":[{"name":"wp","href":"https:\/\/api.w.org\/{rel}","templated":true}]}}